{"id":99,"date":"2018-09-21T09:37:23","date_gmt":"2018-09-21T09:37:23","guid":{"rendered":"http:\/\/szspchelmek.pl\/?page_id=99"},"modified":"2020-09-15T15:16:51","modified_gmt":"2020-09-15T15:16:51","slug":"dziennik-elektroniczny","status":"publish","type":"page","link":"https:\/\/szspchelmek.pl\/?page_id=99","title":{"rendered":"Dziennik elektroniczny"},"content":{"rendered":"\n<p><a href=\"https:\/\/portal.librus.pl\/rodzina\/synergia\/loguj\">Dziennik elektroniczny uczni\u00f3w<\/a><\/p>\n","protected":false},"excerpt":{"rendered":"<p>Dziennik elektroniczny uczni\u00f3w<\/p>\n","protected":false},"author":1,"featured_media":684,"parent":95,"menu_order":2,"comment_status":"closed","ping_status":"closed","template":"","meta":{"footnotes":""},"class_list":["post-99","page","type-page","status-publish","has-post-thumbnail","hentry"],"yoast_head":"<!-- This site is optimized with the Yoast SEO plugin v26.5 - https:\/\/yoast.com\/wordpress\/plugins\/seo\/ -->\n<title>Dziennik elektroniczny - SZS-P nr 2 w Che\u0142mku<\/title>\n<meta name=\"robots\" content=\"index, follow, max-snippet:-1, max-image-preview:large, max-video-preview:-1\" \/>\n<link rel=\"canonical\" href=\"https:\/\/szspchelmek.pl\/?page_id=99\" \/>\n<meta property=\"og:locale\" content=\"pl_PL\" \/>\n<meta property=\"og:type\" content=\"article\" \/>\n<meta property=\"og:title\" content=\"Dziennik elektroniczny - SZS-P nr 2 w Che\u0142mku\" \/>\n<meta property=\"og:description\" content=\"Dziennik elektroniczny uczni\u00f3w\" \/>\n<meta property=\"og:url\" content=\"https:\/\/szspchelmek.pl\/?page_id=99\" \/>\n<meta property=\"og:site_name\" content=\"SZS-P nr 2 w Che\u0142mku\" \/>\n<meta property=\"article:modified_time\" content=\"2020-09-15T15:16:51+00:00\" \/>\n<meta property=\"og:image\" content=\"https:\/\/szspchelmek.pl\/wp-content\/uploads\/2018\/11\/edziennik.jpg\" \/>\n\t<meta property=\"og:image:width\" content=\"201\" \/>\n\t<meta property=\"og:image:height\" content=\"251\" \/>\n\t<meta property=\"og:image:type\" content=\"image\/jpeg\" \/>\n<meta name=\"twitter:card\" content=\"summary_large_image\" \/>\n<script type=\"application\/ld+json\" class=\"yoast-schema-graph\">{\"@context\":\"https:\/\/schema.org\",\"@graph\":[{\"@type\":\"WebPage\",\"@id\":\"https:\/\/szspchelmek.pl\/?page_id=99\",\"url\":\"https:\/\/szspchelmek.pl\/?page_id=99\",\"name\":\"Dziennik elektroniczny - SZS-P nr 2 w Che\u0142mku\",\"isPartOf\":{\"@id\":\"https:\/\/szspchelmek.pl\/#website\"},\"primaryImageOfPage\":{\"@id\":\"https:\/\/szspchelmek.pl\/?page_id=99#primaryimage\"},\"image\":{\"@id\":\"https:\/\/szspchelmek.pl\/?page_id=99#primaryimage\"},\"thumbnailUrl\":\"https:\/\/szspchelmek.pl\/wp-content\/uploads\/2018\/11\/edziennik.jpg\",\"datePublished\":\"2018-09-21T09:37:23+00:00\",\"dateModified\":\"2020-09-15T15:16:51+00:00\",\"breadcrumb\":{\"@id\":\"https:\/\/szspchelmek.pl\/?page_id=99#breadcrumb\"},\"inLanguage\":\"pl-PL\",\"potentialAction\":[{\"@type\":\"ReadAction\",\"target\":[\"https:\/\/szspchelmek.pl\/?page_id=99\"]}]},{\"@type\":\"ImageObject\",\"inLanguage\":\"pl-PL\",\"@id\":\"https:\/\/szspchelmek.pl\/?page_id=99#primaryimage\",\"url\":\"https:\/\/szspchelmek.pl\/wp-content\/uploads\/2018\/11\/edziennik.jpg\",\"contentUrl\":\"https:\/\/szspchelmek.pl\/wp-content\/uploads\/2018\/11\/edziennik.jpg\",\"width\":201,\"height\":251},{\"@type\":\"BreadcrumbList\",\"@id\":\"https:\/\/szspchelmek.pl\/?page_id=99#breadcrumb\",\"itemListElement\":[{\"@type\":\"ListItem\",\"position\":1,\"name\":\"Strona g\u0142\u00f3wna\",\"item\":\"https:\/\/szspchelmek.pl\/\"},{\"@type\":\"ListItem\",\"position\":2,\"name\":\"Strefa Rodzica\",\"item\":\"https:\/\/szspchelmek.pl\/?page_id=95\"},{\"@type\":\"ListItem\",\"position\":3,\"name\":\"Dziennik elektroniczny\"}]},{\"@type\":\"WebSite\",\"@id\":\"https:\/\/szspchelmek.pl\/#website\",\"url\":\"https:\/\/szspchelmek.pl\/\",\"name\":\"SZS-P nr 2 w Che\u0142mku\",\"description\":\"Samorz\u0105dowy Zesp\u00f3\u0142 Szkolno-Przedszkolny nr 2 w Che\u0142mku\",\"publisher\":{\"@id\":\"https:\/\/szspchelmek.pl\/#organization\"},\"potentialAction\":[{\"@type\":\"SearchAction\",\"target\":{\"@type\":\"EntryPoint\",\"urlTemplate\":\"https:\/\/szspchelmek.pl\/?s={search_term_string}\"},\"query-input\":{\"@type\":\"PropertyValueSpecification\",\"valueRequired\":true,\"valueName\":\"search_term_string\"}}],\"inLanguage\":\"pl-PL\"},{\"@type\":\"Organization\",\"@id\":\"https:\/\/szspchelmek.pl\/#organization\",\"name\":\"Samorz\u0105dowy Zesp\u00f3\u0142 Szkolno-Przedszkolny nr 2\",\"url\":\"https:\/\/szspchelmek.pl\/\",\"logo\":{\"@type\":\"ImageObject\",\"inLanguage\":\"pl-PL\",\"@id\":\"https:\/\/szspchelmek.pl\/#\/schema\/logo\/image\/\",\"url\":\"https:\/\/szspchelmek.pl\/wp-content\/uploads\/2018\/09\/logo.png\",\"contentUrl\":\"https:\/\/szspchelmek.pl\/wp-content\/uploads\/2018\/09\/logo.png\",\"width\":500,\"height\":93,\"caption\":\"Samorz\u0105dowy Zesp\u00f3\u0142 Szkolno-Przedszkolny nr 2\"},\"image\":{\"@id\":\"https:\/\/szspchelmek.pl\/#\/schema\/logo\/image\/\"}}]}<\/script>\n<!-- \/ Yoast SEO plugin. -->","yoast_head_json":{"title":"Dziennik elektroniczny - SZS-P nr 2 w Che\u0142mku","robots":{"index":"index","follow":"follow","max-snippet":"max-snippet:-1","max-image-preview":"max-image-preview:large","max-video-preview":"max-video-preview:-1"},"canonical":"https:\/\/szspchelmek.pl\/?page_id=99","og_locale":"pl_PL","og_type":"article","og_title":"Dziennik elektroniczny - SZS-P nr 2 w Che\u0142mku","og_description":"Dziennik elektroniczny uczni\u00f3w","og_url":"https:\/\/szspchelmek.pl\/?page_id=99","og_site_name":"SZS-P nr 2 w Che\u0142mku","article_modified_time":"2020-09-15T15:16:51+00:00","og_image":[{"width":201,"height":251,"url":"https:\/\/szspchelmek.pl\/wp-content\/uploads\/2018\/11\/edziennik.jpg","type":"image\/jpeg"}],"twitter_card":"summary_large_image","schema":{"@context":"https:\/\/schema.org","@graph":[{"@type":"WebPage","@id":"https:\/\/szspchelmek.pl\/?page_id=99","url":"https:\/\/szspchelmek.pl\/?page_id=99","name":"Dziennik elektroniczny - SZS-P nr 2 w Che\u0142mku","isPartOf":{"@id":"https:\/\/szspchelmek.pl\/#website"},"primaryImageOfPage":{"@id":"https:\/\/szspchelmek.pl\/?page_id=99#primaryimage"},"image":{"@id":"https:\/\/szspchelmek.pl\/?page_id=99#primaryimage"},"thumbnailUrl":"https:\/\/szspchelmek.pl\/wp-content\/uploads\/2018\/11\/edziennik.jpg","datePublished":"2018-09-21T09:37:23+00:00","dateModified":"2020-09-15T15:16:51+00:00","breadcrumb":{"@id":"https:\/\/szspchelmek.pl\/?page_id=99#breadcrumb"},"inLanguage":"pl-PL","potentialAction":[{"@type":"ReadAction","target":["https:\/\/szspchelmek.pl\/?page_id=99"]}]},{"@type":"ImageObject","inLanguage":"pl-PL","@id":"https:\/\/szspchelmek.pl\/?page_id=99#primaryimage","url":"https:\/\/szspchelmek.pl\/wp-content\/uploads\/2018\/11\/edziennik.jpg","contentUrl":"https:\/\/szspchelmek.pl\/wp-content\/uploads\/2018\/11\/edziennik.jpg","width":201,"height":251},{"@type":"BreadcrumbList","@id":"https:\/\/szspchelmek.pl\/?page_id=99#breadcrumb","itemListElement":[{"@type":"ListItem","position":1,"name":"Strona g\u0142\u00f3wna","item":"https:\/\/szspchelmek.pl\/"},{"@type":"ListItem","position":2,"name":"Strefa Rodzica","item":"https:\/\/szspchelmek.pl\/?page_id=95"},{"@type":"ListItem","position":3,"name":"Dziennik elektroniczny"}]},{"@type":"WebSite","@id":"https:\/\/szspchelmek.pl\/#website","url":"https:\/\/szspchelmek.pl\/","name":"SZS-P nr 2 w Che\u0142mku","description":"Samorz\u0105dowy Zesp\u00f3\u0142 Szkolno-Przedszkolny nr 2 w Che\u0142mku","publisher":{"@id":"https:\/\/szspchelmek.pl\/#organization"},"potentialAction":[{"@type":"SearchAction","target":{"@type":"EntryPoint","urlTemplate":"https:\/\/szspchelmek.pl\/?s={search_term_string}"},"query-input":{"@type":"PropertyValueSpecification","valueRequired":true,"valueName":"search_term_string"}}],"inLanguage":"pl-PL"},{"@type":"Organization","@id":"https:\/\/szspchelmek.pl\/#organization","name":"Samorz\u0105dowy Zesp\u00f3\u0142 Szkolno-Przedszkolny nr 2","url":"https:\/\/szspchelmek.pl\/","logo":{"@type":"ImageObject","inLanguage":"pl-PL","@id":"https:\/\/szspchelmek.pl\/#\/schema\/logo\/image\/","url":"https:\/\/szspchelmek.pl\/wp-content\/uploads\/2018\/09\/logo.png","contentUrl":"https:\/\/szspchelmek.pl\/wp-content\/uploads\/2018\/09\/logo.png","width":500,"height":93,"caption":"Samorz\u0105dowy Zesp\u00f3\u0142 Szkolno-Przedszkolny nr 2"},"image":{"@id":"https:\/\/szspchelmek.pl\/#\/schema\/logo\/image\/"}}]}},"_links":{"self":[{"href":"https:\/\/szspchelmek.pl\/index.php?rest_route=\/wp\/v2\/pages\/99","targetHints":{"allow":["GET"]}}],"collection":[{"href":"https:\/\/szspchelmek.pl\/index.php?rest_route=\/wp\/v2\/pages"}],"about":[{"href":"https:\/\/szspchelmek.pl\/index.php?rest_route=\/wp\/v2\/types\/page"}],"author":[{"embeddable":true,"href":"https:\/\/szspchelmek.pl\/index.php?rest_route=\/wp\/v2\/users\/1"}],"replies":[{"embeddable":true,"href":"https:\/\/szspchelmek.pl\/index.php?rest_route=%2Fwp%2Fv2%2Fcomments&post=99"}],"version-history":[{"count":5,"href":"https:\/\/szspchelmek.pl\/index.php?rest_route=\/wp\/v2\/pages\/99\/revisions"}],"predecessor-version":[{"id":5591,"href":"https:\/\/szspchelmek.pl\/index.php?rest_route=\/wp\/v2\/pages\/99\/revisions\/5591"}],"up":[{"embeddable":true,"href":"https:\/\/szspchelmek.pl\/index.php?rest_route=\/wp\/v2\/pages\/95"}],"wp:featuredmedia":[{"embeddable":true,"href":"https:\/\/szspchelmek.pl\/index.php?rest_route=\/wp\/v2\/media\/684"}],"wp:attachment":[{"href":"https:\/\/szspchelmek.pl\/index.php?rest_route=%2Fwp%2Fv2%2Fmedia&parent=99"}],"curies":[{"name":"wp","href":"https:\/\/api.w.org\/{rel}","templated":true}]}}