{"id":9833,"date":"2022-04-15T08:00:36","date_gmt":"2022-04-15T08:00:36","guid":{"rendered":"https:\/\/szspchelmek.pl\/?page_id=9833"},"modified":"2025-12-16T12:18:52","modified_gmt":"2025-12-16T12:18:52","slug":"gazetka","status":"publish","type":"page","link":"https:\/\/szspchelmek.pl\/?page_id=9833","title":{"rendered":"Gazetka"},"content":{"rendered":"\r\n<pre class=\"wp-block-code\"><code>&lt;a href=\"gazetka\/gazetka1.pdf\"&gt; Bo\u017ce Narodzenie 2021&lt;\/a&gt;\r\n\r\n&lt;a href=\"gazetka\/gazetka2.pdf\"&gt; Wielkanoc 2022&lt;\/a&gt;<\/code><\/pre>\r\n\r\n\r\n\r\n<p><a href=\"https:\/\/szspchelmek.pl\/wp-content\/uploads\/2023\/11\/gazetka-listopad23.pdf\">Gazetka Listopad 2023<\/a><\/p>\r\n\r\n\r\n\r\n<p><a href=\"https:\/\/szspchelmek.pl\/wp-content\/uploads\/2024\/01\/gazetka-grudzien-23_compressed.pdf\">Gazetka Grudzie\u0144 2023<\/a><\/p>\r\n\r\n\r\n\r\n<p><a href=\"https:\/\/szspchelmek.pl\/wp-content\/uploads\/2024\/10\/gazetka-wrzesien-pazdziernik-24.pdf\">Gazetka Wrzesie\u0144 Pa\u017adziernik 2024<\/a><\/p>\r\n<p><a href=\"https:\/\/szspchelmek.pl\/wp-content\/uploads\/2025\/12\/gazeta-grudzien-25.pdf\">Gazetka Grudzie\u0144 2025<\/a><\/p>\r\n","protected":false},"excerpt":{"rendered":"<p>Gazetka Listopad 2023 Gazetka Grudzie\u0144 2023 Gazetka Wrzesie\u0144 Pa\u017adziernik 2024 Gazetka Grudzie\u0144 2025<\/p>\n","protected":false},"author":2,"featured_media":0,"parent":0,"menu_order":0,"comment_status":"closed","ping_status":"closed","template":"","meta":{"footnotes":""},"class_list":["post-9833","page","type-page","status-publish","hentry"],"yoast_head":"<!-- This site is optimized with the Yoast SEO plugin v26.5 - https:\/\/yoast.com\/wordpress\/plugins\/seo\/ -->\n<title>Gazetka - SZS-P nr 2 w Che\u0142mku<\/title>\n<meta name=\"robots\" content=\"index, follow, max-snippet:-1, max-image-preview:large, max-video-preview:-1\" \/>\n<link rel=\"canonical\" href=\"https:\/\/szspchelmek.pl\/?page_id=9833\" \/>\n<meta property=\"og:locale\" content=\"pl_PL\" \/>\n<meta property=\"og:type\" content=\"article\" \/>\n<meta property=\"og:title\" content=\"Gazetka - SZS-P nr 2 w Che\u0142mku\" \/>\n<meta property=\"og:description\" content=\"Gazetka Listopad 2023 Gazetka Grudzie\u0144 2023 Gazetka Wrzesie\u0144 Pa\u017adziernik 2024 Gazetka Grudzie\u0144 2025\" \/>\n<meta property=\"og:url\" content=\"https:\/\/szspchelmek.pl\/?page_id=9833\" \/>\n<meta property=\"og:site_name\" content=\"SZS-P nr 2 w Che\u0142mku\" \/>\n<meta property=\"article:modified_time\" content=\"2025-12-16T12:18:52+00:00\" \/>\n<meta name=\"twitter:card\" content=\"summary_large_image\" \/>\n<meta name=\"twitter:label1\" content=\"Szacowany czas czytania\" \/>\n\t<meta name=\"twitter:data1\" content=\"1 minuta\" \/>\n<script type=\"application\/ld+json\" class=\"yoast-schema-graph\">{\"@context\":\"https:\/\/schema.org\",\"@graph\":[{\"@type\":\"WebPage\",\"@id\":\"https:\/\/szspchelmek.pl\/?page_id=9833\",\"url\":\"https:\/\/szspchelmek.pl\/?page_id=9833\",\"name\":\"Gazetka - SZS-P nr 2 w Che\u0142mku\",\"isPartOf\":{\"@id\":\"https:\/\/szspchelmek.pl\/#website\"},\"datePublished\":\"2022-04-15T08:00:36+00:00\",\"dateModified\":\"2025-12-16T12:18:52+00:00\",\"breadcrumb\":{\"@id\":\"https:\/\/szspchelmek.pl\/?page_id=9833#breadcrumb\"},\"inLanguage\":\"pl-PL\",\"potentialAction\":[{\"@type\":\"ReadAction\",\"target\":[\"https:\/\/szspchelmek.pl\/?page_id=9833\"]}]},{\"@type\":\"BreadcrumbList\",\"@id\":\"https:\/\/szspchelmek.pl\/?page_id=9833#breadcrumb\",\"itemListElement\":[{\"@type\":\"ListItem\",\"position\":1,\"name\":\"Strona g\u0142\u00f3wna\",\"item\":\"https:\/\/szspchelmek.pl\/\"},{\"@type\":\"ListItem\",\"position\":2,\"name\":\"Gazetka\"}]},{\"@type\":\"WebSite\",\"@id\":\"https:\/\/szspchelmek.pl\/#website\",\"url\":\"https:\/\/szspchelmek.pl\/\",\"name\":\"SZS-P nr 2 w Che\u0142mku\",\"description\":\"Samorz\u0105dowy Zesp\u00f3\u0142 Szkolno-Przedszkolny nr 2 w Che\u0142mku\",\"publisher\":{\"@id\":\"https:\/\/szspchelmek.pl\/#organization\"},\"potentialAction\":[{\"@type\":\"SearchAction\",\"target\":{\"@type\":\"EntryPoint\",\"urlTemplate\":\"https:\/\/szspchelmek.pl\/?s={search_term_string}\"},\"query-input\":{\"@type\":\"PropertyValueSpecification\",\"valueRequired\":true,\"valueName\":\"search_term_string\"}}],\"inLanguage\":\"pl-PL\"},{\"@type\":\"Organization\",\"@id\":\"https:\/\/szspchelmek.pl\/#organization\",\"name\":\"Samorz\u0105dowy Zesp\u00f3\u0142 Szkolno-Przedszkolny nr 2\",\"url\":\"https:\/\/szspchelmek.pl\/\",\"logo\":{\"@type\":\"ImageObject\",\"inLanguage\":\"pl-PL\",\"@id\":\"https:\/\/szspchelmek.pl\/#\/schema\/logo\/image\/\",\"url\":\"https:\/\/szspchelmek.pl\/wp-content\/uploads\/2018\/09\/logo.png\",\"contentUrl\":\"https:\/\/szspchelmek.pl\/wp-content\/uploads\/2018\/09\/logo.png\",\"width\":500,\"height\":93,\"caption\":\"Samorz\u0105dowy Zesp\u00f3\u0142 Szkolno-Przedszkolny nr 2\"},\"image\":{\"@id\":\"https:\/\/szspchelmek.pl\/#\/schema\/logo\/image\/\"}}]}<\/script>\n<!-- \/ Yoast SEO plugin. -->","yoast_head_json":{"title":"Gazetka - SZS-P nr 2 w Che\u0142mku","robots":{"index":"index","follow":"follow","max-snippet":"max-snippet:-1","max-image-preview":"max-image-preview:large","max-video-preview":"max-video-preview:-1"},"canonical":"https:\/\/szspchelmek.pl\/?page_id=9833","og_locale":"pl_PL","og_type":"article","og_title":"Gazetka - SZS-P nr 2 w Che\u0142mku","og_description":"Gazetka Listopad 2023 Gazetka Grudzie\u0144 2023 Gazetka Wrzesie\u0144 Pa\u017adziernik 2024 Gazetka Grudzie\u0144 2025","og_url":"https:\/\/szspchelmek.pl\/?page_id=9833","og_site_name":"SZS-P nr 2 w Che\u0142mku","article_modified_time":"2025-12-16T12:18:52+00:00","twitter_card":"summary_large_image","twitter_misc":{"Szacowany czas czytania":"1 minuta"},"schema":{"@context":"https:\/\/schema.org","@graph":[{"@type":"WebPage","@id":"https:\/\/szspchelmek.pl\/?page_id=9833","url":"https:\/\/szspchelmek.pl\/?page_id=9833","name":"Gazetka - SZS-P nr 2 w Che\u0142mku","isPartOf":{"@id":"https:\/\/szspchelmek.pl\/#website"},"datePublished":"2022-04-15T08:00:36+00:00","dateModified":"2025-12-16T12:18:52+00:00","breadcrumb":{"@id":"https:\/\/szspchelmek.pl\/?page_id=9833#breadcrumb"},"inLanguage":"pl-PL","potentialAction":[{"@type":"ReadAction","target":["https:\/\/szspchelmek.pl\/?page_id=9833"]}]},{"@type":"BreadcrumbList","@id":"https:\/\/szspchelmek.pl\/?page_id=9833#breadcrumb","itemListElement":[{"@type":"ListItem","position":1,"name":"Strona g\u0142\u00f3wna","item":"https:\/\/szspchelmek.pl\/"},{"@type":"ListItem","position":2,"name":"Gazetka"}]},{"@type":"WebSite","@id":"https:\/\/szspchelmek.pl\/#website","url":"https:\/\/szspchelmek.pl\/","name":"SZS-P nr 2 w Che\u0142mku","description":"Samorz\u0105dowy Zesp\u00f3\u0142 Szkolno-Przedszkolny nr 2 w Che\u0142mku","publisher":{"@id":"https:\/\/szspchelmek.pl\/#organization"},"potentialAction":[{"@type":"SearchAction","target":{"@type":"EntryPoint","urlTemplate":"https:\/\/szspchelmek.pl\/?s={search_term_string}"},"query-input":{"@type":"PropertyValueSpecification","valueRequired":true,"valueName":"search_term_string"}}],"inLanguage":"pl-PL"},{"@type":"Organization","@id":"https:\/\/szspchelmek.pl\/#organization","name":"Samorz\u0105dowy Zesp\u00f3\u0142 Szkolno-Przedszkolny nr 2","url":"https:\/\/szspchelmek.pl\/","logo":{"@type":"ImageObject","inLanguage":"pl-PL","@id":"https:\/\/szspchelmek.pl\/#\/schema\/logo\/image\/","url":"https:\/\/szspchelmek.pl\/wp-content\/uploads\/2018\/09\/logo.png","contentUrl":"https:\/\/szspchelmek.pl\/wp-content\/uploads\/2018\/09\/logo.png","width":500,"height":93,"caption":"Samorz\u0105dowy Zesp\u00f3\u0142 Szkolno-Przedszkolny nr 2"},"image":{"@id":"https:\/\/szspchelmek.pl\/#\/schema\/logo\/image\/"}}]}},"_links":{"self":[{"href":"https:\/\/szspchelmek.pl\/index.php?rest_route=\/wp\/v2\/pages\/9833","targetHints":{"allow":["GET"]}}],"collection":[{"href":"https:\/\/szspchelmek.pl\/index.php?rest_route=\/wp\/v2\/pages"}],"about":[{"href":"https:\/\/szspchelmek.pl\/index.php?rest_route=\/wp\/v2\/types\/page"}],"author":[{"embeddable":true,"href":"https:\/\/szspchelmek.pl\/index.php?rest_route=\/wp\/v2\/users\/2"}],"replies":[{"embeddable":true,"href":"https:\/\/szspchelmek.pl\/index.php?rest_route=%2Fwp%2Fv2%2Fcomments&post=9833"}],"version-history":[{"count":8,"href":"https:\/\/szspchelmek.pl\/index.php?rest_route=\/wp\/v2\/pages\/9833\/revisions"}],"predecessor-version":[{"id":29805,"href":"https:\/\/szspchelmek.pl\/index.php?rest_route=\/wp\/v2\/pages\/9833\/revisions\/29805"}],"wp:attachment":[{"href":"https:\/\/szspchelmek.pl\/index.php?rest_route=%2Fwp%2Fv2%2Fmedia&parent=9833"}],"curies":[{"name":"wp","href":"https:\/\/api.w.org\/{rel}","templated":true}]}}