{"id":72,"date":"2018-09-21T09:27:17","date_gmt":"2018-09-21T09:27:17","guid":{"rendered":"http:\/\/szspchelmek.pl\/?page_id=72"},"modified":"2023-10-04T09:06:48","modified_gmt":"2023-10-04T09:06:48","slug":"biblioteka","status":"publish","type":"page","link":"https:\/\/szspchelmek.pl\/?page_id=72","title":{"rendered":"Biblioteka"},"content":{"rendered":"<h1 style=\"text-align: center;\">Godziny Pracy Biblioteki<\/h1>\n<h1 style=\"text-align: center;\">&nbsp;<\/h1>\n<h1 style=\"text-align: center;\"><strong>Poniedzia\u0142ek&nbsp;&nbsp;&nbsp;&nbsp;&nbsp;&nbsp;&nbsp;&nbsp;&nbsp; 8.00 \u2013 14.00<\/strong><\/h1>\n<h1 style=\"text-align: center;\"><strong>Wtorek&nbsp;&nbsp;&nbsp;&nbsp;&nbsp;&nbsp;&nbsp;&nbsp;&nbsp;&nbsp;&nbsp;&nbsp;&nbsp;&nbsp;&nbsp;&nbsp;&nbsp; 8.00 \u2013 14.00<\/strong><\/h1>\n<h1 style=\"text-align: center;\"><strong>\u015aroda&nbsp;&nbsp;&nbsp;&nbsp;&nbsp;&nbsp;&nbsp;&nbsp;&nbsp;&nbsp;&nbsp;&nbsp;&nbsp;&nbsp;&nbsp;&nbsp;&nbsp;&nbsp;&nbsp; 8.00 \u2013 14.00<\/strong><\/h1>\n<h1 style=\"text-align: center;\"><strong>Czwartek&nbsp;&nbsp;&nbsp;&nbsp;&nbsp;&nbsp;&nbsp;&nbsp;&nbsp;&nbsp;&nbsp;&nbsp;&nbsp;&nbsp; 8.00 \u2013 14.30<\/strong><\/h1>\n<h1 style=\"text-align: center;\"><strong>Pi\u0105tek&nbsp;&nbsp;&nbsp;&nbsp;&nbsp;&nbsp;&nbsp;&nbsp;&nbsp;&nbsp;&nbsp;&nbsp;&nbsp;&nbsp;&nbsp;&nbsp;&nbsp;&nbsp;&nbsp; 8.00 \u2013 13.30<\/strong><\/h1>\n<!-- Final Tiles Grid Gallery for WordPress v3.6.6 free --><style>#ftg-165165 .tile .icon { color:#ffffff; }#ftg-165165 .ftg-items .loading-bar i { background:#666; }#ftg-165165 .ftg-items .loading-bar { background:#fff; }#ftg-165165 .tile .icon { font-size:12px; }#ftg-165165 .tile .icon { margin: -6px 0 0 -6px; }#ftg-165165 .tile .caption-block .text-wrapper span.text { font-size:12px; }#ftg-165165 .tile .caption-outside .text-wrapper span.text { font-size:12px; }#ftg-165165 .tile .caption-block .text-wrapper span.title { font-size:14px; }#ftg-165165 .tile .caption-outside .text-wrapper span.title { font-size:14px; }#ftg-165165 .tile { background-color: transparent; }#ftg-165165 .tile .caption-block .text-wrapper span.text { color: #ffffff; }#ftg-165165 .tile .caption-block .text-wrapper span.title { color: #ffffff; }#ftg-165165 .tile .caption-outside .text-wrapper span.text { color: #ffffff; }#ftg-165165 .tile .caption-outside .text-wrapper span.title { color: #ffffff; }#ftg-165165 .tile .ftg-social a { color: #ffffff; }#ftg-165165 .tile .caption-block { transition-timing-function:linear; }#ftg-165165 .tile .caption-block { transition-duration:0.25s; }#ftg-165165 .tile .tile-inner:before { background-color: #000000; }#ftg-165165 .tile .tile-inner:before { background-color: rgba(0, 0, 0, 0.8); }<\/style><a name=\"165\"><\/a><div class=\"final-tiles-gallery  ftg-hover-enabled caption-inside  caption-none caption-middle caption-center\" id=\"ftg-165165\" style=\"width: 100%\"><div class='ftg-items'><div class='loading-bar'><i><\/i><\/div><div  class='tile ftg-preload  '><a title=\"biblioteka\" data-lightbox='ftg-165165' rel='ftg-165165'  class=' tile-inner  ftg-lightbox' href='https:\/\/szspchelmek.pl\/wp-content\/uploads\/2019\/10\/biblioteka.png' ><img alt='biblioteka' class='item skip-lazy' data-class='item' data-ftg-source='http:\/\/szspchelmek.pl\/wp-content\/uploads\/2019\/10\/biblioteka-600x230.png' src='http:\/\/szspchelmek.pl\/wp-content\/uploads\/2019\/10\/biblioteka-600x230.png' width='1050' height='402' \/><span class='icon fa fa-zoom'><\/span><div class='caption-block'><div class='text-wrapper'><span class='title'>biblioteka<\/span><\/div><\/div><\/a><div class='ftg-social'><\/div><\/div><\/div><\/div>\n<p style=\"text-align: center;\"><a href=\"https:\/\/szspchelmek.pl\/dokumenty\/Nowe%20LEKTURY.pdf\" target=\"_blank\" rel=\"noopener noreferrer\"><strong>Lektury obowi\u0105zuj\u0105ce w klasach V \u2013VIII<\/strong><\/a><\/p>\n<p style=\"text-align: center;\"><strong><a href=\"https:\/\/szspchelmek.pl\/wp-content\/uploads\/2020\/09\/regulamin-biblioteki-w-czasie-pandemi.pdf\" target=\"_blank\" rel=\"noopener noreferrer\">Regulamin Biblioteki<\/a><\/strong><\/p>\n<p style=\"text-align: center;\"><strong><a href=\"https:\/\/szspchelmek.pl\/dokumenty\/Regulamin%20wypo%C5%BCyczania.pdf\" target=\"_blank\" rel=\"noopener noreferrer\">Regulamin wypo\u017cyczania podr\u0119cznik\u00f3w uczniom SZS-P nr 2<\/a><\/strong><\/p>\n<p class=\"Standard\" style=\"text-align: center; line-height: 150%;\" align=\"center\"><a href=\"https:\/\/szspchelmek.pl\/wp-content\/uploads\/2020\/05\/regulamin-biblioteki.pdf\" target=\"_blank\" rel=\"noopener noreferrer\"><span style=\"color: #ff0000;\"><strong><span style=\"font-size: 10pt; line-height: 150%; font-family: 'Arial', sans-serif;\">Regulamin zwrotu ksi\u0105\u017cek\/podr\u0119cznik\u00f3w <\/span><\/strong><\/span><span style=\"color: #0000ff;\"><strong><span style=\"font-size: 10pt; line-height: 150%; font-family: 'Arial', sans-serif;\"><span style=\"color: #ff0000;\">do szkolnej biblioteki (klasy 5-8) na czas epidemii<\/span><\/span><\/strong><\/span><\/a><\/p>\n<p align=\"center\"><a href=\"http:\/\/ftp\/szspchelmek.pl\/dokumenty\/gazetka%20kwiecie%C5%841%20%281%29%20pdf.pdf\" data-wplink-url-error=\"true\">GAZETKA HERMES<\/a><\/p>\n<p align=\"center\"><a href=\"https:\/\/szspchelmek.pl\/dokumenty\/czerwone%20krzes%C5%82o.ppsx\">Czerwone krzes\u0142o<\/a><\/p>\n<p align=\"center\"><a href=\"https:\/\/szspchelmek.pl\/dokumenty\/Dlaczego%20warto%20czytac%20-%20prezentacja.pdf\">DLACZEGO WARTO CZYTA\u0106?<\/a><\/p>\n<p align=\"center\"><a href=\"https:\/\/szspchelmek.pl\/dokumenty\/czytanie-poradnik%20dla%20rodzic%C3%B3w%20%281%29.pdf\">Jak (i dlaczego?) zach\u0119ca\u0107 dzieci DO CZYTANIA? Poradnik dla rodzic\u00f3w<\/a><\/p>\n\n\n<p><\/p>\n\n\n\n<p>Pa\u017adziernik miesi\u0105cem bibliotek szkolnych<\/p>\n\n\n\n<figure class=\"wp-block-image size-large\"><img loading=\"lazy\" decoding=\"async\" width=\"1140\" height=\"684\" src=\"https:\/\/szspchelmek.pl\/wp-content\/uploads\/2022\/10\/bi1-1140x684.jpg\" alt=\"\" class=\"wp-image-11603\" srcset=\"https:\/\/szspchelmek.pl\/wp-content\/uploads\/2022\/10\/bi1-1140x684.jpg 1140w, https:\/\/szspchelmek.pl\/wp-content\/uploads\/2022\/10\/bi1-600x360.jpg 600w, https:\/\/szspchelmek.pl\/wp-content\/uploads\/2022\/10\/bi1-768x461.jpg 768w, https:\/\/szspchelmek.pl\/wp-content\/uploads\/2022\/10\/bi1.jpg 1200w\" sizes=\"auto, (max-width: 1140px) 100vw, 1140px\" \/><\/figure>\n\n\n\n<p>MMBS to doskona\u0142a okazja okazja do zach\u0119cenia uczni\u00f3w do odwiedzin w szkolnej bibliotece, pokazania jej oferty i dorobku. Taki te\u017c cel maj\u0105 wszelkie dzia\u0142ania podj\u0119te przez szkolna bibliotek\u0119 w tym czasie. Konkurs czytelniczy zorganizowany przez Pani\u0105 Mariol\u0119 Krzeczkowsk\u0105 po\u0142\u0105czony z g\u0142o\u015bnym czytaniem fragment\u00f3w ksi\u0105\u017cek przez uczennic\u0119 Ani\u0119 Za\u0142ozn\u0105, najlepsz\u0105 czytelniczk\u0105 szko\u0142y odby\u0142 si\u0119 w klasie 4b.&nbsp; Uczniowie bardzo aktywnie uczestniczyli w zmaganiach konkursowych i ch\u0119tnie odpowiadali na pytania bibliotekarza. W\u015br\u00f3d pyta\u0144 konkursowych znalaz\u0142y si\u0119 te dotycz\u0105ce najwi\u0119kszego bestsellera czytelniczego tj. Harrego Pottera. Wielu uczni\u00f3w zdoby\u0142o nagrody i upominki.<\/p>\n\n\n\n<p>W ramach obchod\u00f3w MMBS uczniowie tej klasy wzi\u0119li te\u017c udzia\u0142&nbsp; w lekcji bibliotecznej zorganizowanej w MBP w Che\u0142mku a uczniowie klasy 4a uczestniczyli w warsztatach wykonywania ozd\u00f3b i dekoracji ze starych ksi\u0105\u017cek.<\/p>\n\n\n\n<p>MMBS daje mo\u017cliwo\u015b\u0107 pokazania biblioteki jako miejsca przyjaznego uczniom, bezstresowego, pozwalaj\u0105cego przyjemnie sp\u0119dzi\u0107 czas, a dla os\u00f3b aktywnych \u2013 integruj\u0105cego, umo\u017cliwiaj\u0105cego rozwijanie zainteresowa\u0144, uzdolnie\u0144 czy wzi\u0119cie udzia\u0142u w grupowych przedsi\u0119wzi\u0119ciach<\/p>\n\n\n\n<!-- Final Tiles Grid Gallery for WordPress v3.6.6 free --><style>#ftg-469469 .tile .icon { color:#ffffff; }#ftg-469469 .ftg-items .loading-bar i { background:#666; }#ftg-469469 .ftg-items .loading-bar { background:#fff; }#ftg-469469 .tile .icon { font-size:12px; }#ftg-469469 .tile .icon { margin: -6px 0 0 -6px; }#ftg-469469 .tile .caption-block .text-wrapper span.text { font-size:12px; }#ftg-469469 .tile .caption-outside .text-wrapper span.text { font-size:12px; }#ftg-469469 .tile .caption-block .text-wrapper span.title { font-size:14px; }#ftg-469469 .tile .caption-outside .text-wrapper span.title { font-size:14px; }#ftg-469469 .tile { background-color: transparent; }#ftg-469469 .tile .caption-block .text-wrapper span.text { color: #ffffff; }#ftg-469469 .tile .caption-block .text-wrapper span.title { color: #ffffff; }#ftg-469469 .tile .caption-outside .text-wrapper span.text { color: #ffffff; }#ftg-469469 .tile .caption-outside .text-wrapper span.title { color: #ffffff; }#ftg-469469 .tile .ftg-social a { color: #ffffff; }#ftg-469469 .tile .caption-block { transition-timing-function:linear; }#ftg-469469 .tile .caption-block { transition-duration:0.25s; }#ftg-469469 .tile .tile-inner:before { background-color: #000000; }#ftg-469469 .tile .tile-inner:before { background-color: rgba(0, 0, 0, 0.8); }<\/style><a name=\"469\"><\/a><div class=\"final-tiles-gallery  ftg-hover-enabled caption-inside  caption-none caption-middle caption-center\" id=\"ftg-469469\" style=\"width: 100%\"><div class='ftg-items'><div class='loading-bar'><i><\/i><\/div><div  class='tile ftg-preload  '><a title=\"image000000(3) (Copy)\" data-lightbox='ftg-469469' rel='ftg-469469'  class=' tile-inner  ftg-lightbox' href='https:\/\/szspchelmek.pl\/wp-content\/uploads\/2022\/10\/image0000003-Copy.jpg' ><img alt='image000000(3) (Copy)' class='item skip-lazy' data-class='item' data-ftg-source='https:\/\/szspchelmek.pl\/wp-content\/uploads\/2022\/10\/image0000003-Copy.jpg' src='https:\/\/szspchelmek.pl\/wp-content\/uploads\/2022\/10\/image0000003-Copy.jpg' width='800' height='600' \/><span class='icon fa fa-zoom'><\/span><div class='caption-block'><div class='text-wrapper'><span class='title'>image000000(3) (Copy)<\/span><\/div><\/div><\/a><div class='ftg-social'><\/div><\/div><div  class='tile ftg-preload  '><a title=\"image000003 (Copy)\" data-lightbox='ftg-469469' rel='ftg-469469'  class=' tile-inner  ftg-lightbox' href='https:\/\/szspchelmek.pl\/wp-content\/uploads\/2022\/10\/image000003-Copy.jpg' ><img alt='image000003 (Copy)' class='item skip-lazy' data-class='item' data-ftg-source='https:\/\/szspchelmek.pl\/wp-content\/uploads\/2022\/10\/image000003-Copy.jpg' src='https:\/\/szspchelmek.pl\/wp-content\/uploads\/2022\/10\/image000003-Copy.jpg' width='800' height='600' \/><span class='icon fa fa-zoom'><\/span><div class='caption-block'><div class='text-wrapper'><span class='title'>image000003 (Copy)<\/span><\/div><\/div><\/a><div class='ftg-social'><\/div><\/div><\/div><\/div>\n","protected":false},"excerpt":{"rendered":"<p>Godziny Pracy Biblioteki &nbsp; Poniedzia\u0142ek&nbsp;&nbsp;&nbsp;&nbsp;&nbsp;&nbsp;&nbsp;&nbsp;&nbsp; 8.00 \u2013 14.00 Wtorek&nbsp;&nbsp;&nbsp;&nbsp;&nbsp;&nbsp;&nbsp;&nbsp;&nbsp;&nbsp;&nbsp;&nbsp;&nbsp;&nbsp;&nbsp;&nbsp;&nbsp; 8.00 \u2013 14.00 \u015aroda&nbsp;&nbsp;&nbsp;&nbsp;&nbsp;&nbsp;&nbsp;&nbsp;&nbsp;&nbsp;&nbsp;&nbsp;&nbsp;&nbsp;&nbsp;&nbsp;&nbsp;&nbsp;&nbsp; 8.00 \u2013 14.00 Czwartek&nbsp;&nbsp;&nbsp;&nbsp;&nbsp;&nbsp;&nbsp;&nbsp;&nbsp;&nbsp;&nbsp;&nbsp;&nbsp;&nbsp; 8.00 \u2013 14.30 Pi\u0105tek&nbsp;&nbsp;&nbsp;&nbsp;&nbsp;&nbsp;&nbsp;&nbsp;&nbsp;&nbsp;&nbsp;&nbsp;&nbsp;&nbsp;&nbsp;&nbsp;&nbsp;&nbsp;&nbsp; 8.00 \u2013 13.30 Lektury obowi\u0105zuj\u0105ce w klasach V \u2013VIII Regulamin Biblioteki Regulamin wypo\u017cyczania podr\u0119cznik\u00f3w uczniom SZS-P nr 2 Regulamin zwrotu ksi\u0105\u017cek\/podr\u0119cznik\u00f3w do szkolnej biblioteki (klasy 5-8) na czas epidemii GAZETKA HERMES Czerwone krzes\u0142o DLACZEGO <a href=\"https:\/\/szspchelmek.pl\/?page_id=72#more-'\" class=\"more-link\">czytaj <span>\u00bb<\/span><\/a><\/p>\n","protected":false},"author":1,"featured_media":0,"parent":55,"menu_order":8,"comment_status":"closed","ping_status":"closed","template":"","meta":{"footnotes":""},"class_list":["post-72","page","type-page","status-publish","hentry"],"yoast_head":"<!-- This site is optimized with the Yoast SEO plugin v26.5 - https:\/\/yoast.com\/wordpress\/plugins\/seo\/ -->\n<title>Biblioteka - SZS-P nr 2 w Che\u0142mku<\/title>\n<meta name=\"robots\" content=\"index, follow, max-snippet:-1, max-image-preview:large, max-video-preview:-1\" \/>\n<link rel=\"canonical\" href=\"https:\/\/szspchelmek.pl\/?page_id=72\" \/>\n<meta property=\"og:locale\" content=\"pl_PL\" \/>\n<meta property=\"og:type\" content=\"article\" \/>\n<meta property=\"og:title\" content=\"Biblioteka - SZS-P nr 2 w Che\u0142mku\" \/>\n<meta property=\"og:description\" content=\"Godziny Pracy Biblioteki &nbsp; Poniedzia\u0142ek&nbsp;&nbsp;&nbsp;&nbsp;&nbsp;&nbsp;&nbsp;&nbsp;&nbsp; 8.00 \u2013 14.00 Wtorek&nbsp;&nbsp;&nbsp;&nbsp;&nbsp;&nbsp;&nbsp;&nbsp;&nbsp;&nbsp;&nbsp;&nbsp;&nbsp;&nbsp;&nbsp;&nbsp;&nbsp; 8.00 \u2013 14.00 \u015aroda&nbsp;&nbsp;&nbsp;&nbsp;&nbsp;&nbsp;&nbsp;&nbsp;&nbsp;&nbsp;&nbsp;&nbsp;&nbsp;&nbsp;&nbsp;&nbsp;&nbsp;&nbsp;&nbsp; 8.00 \u2013 14.00 Czwartek&nbsp;&nbsp;&nbsp;&nbsp;&nbsp;&nbsp;&nbsp;&nbsp;&nbsp;&nbsp;&nbsp;&nbsp;&nbsp;&nbsp; 8.00 \u2013 14.30 Pi\u0105tek&nbsp;&nbsp;&nbsp;&nbsp;&nbsp;&nbsp;&nbsp;&nbsp;&nbsp;&nbsp;&nbsp;&nbsp;&nbsp;&nbsp;&nbsp;&nbsp;&nbsp;&nbsp;&nbsp; 8.00 \u2013 13.30 Lektury obowi\u0105zuj\u0105ce w klasach V \u2013VIII Regulamin Biblioteki Regulamin wypo\u017cyczania podr\u0119cznik\u00f3w uczniom SZS-P nr 2 Regulamin zwrotu ksi\u0105\u017cek\/podr\u0119cznik\u00f3w do szkolnej biblioteki (klasy 5-8) na czas epidemii GAZETKA HERMES Czerwone krzes\u0142o DLACZEGO czytaj \u00bb\" \/>\n<meta property=\"og:url\" content=\"https:\/\/szspchelmek.pl\/?page_id=72\" \/>\n<meta property=\"og:site_name\" content=\"SZS-P nr 2 w Che\u0142mku\" \/>\n<meta property=\"article:modified_time\" content=\"2023-10-04T09:06:48+00:00\" \/>\n<meta property=\"og:image\" content=\"https:\/\/szspchelmek.pl\/wp-content\/uploads\/2022\/10\/bi1-1140x684.jpg\" \/>\n<meta name=\"twitter:card\" content=\"summary_large_image\" \/>\n<meta name=\"twitter:label1\" content=\"Szacowany czas czytania\" \/>\n\t<meta name=\"twitter:data1\" content=\"1 minuta\" \/>\n<script type=\"application\/ld+json\" class=\"yoast-schema-graph\">{\"@context\":\"https:\/\/schema.org\",\"@graph\":[{\"@type\":\"WebPage\",\"@id\":\"https:\/\/szspchelmek.pl\/?page_id=72\",\"url\":\"https:\/\/szspchelmek.pl\/?page_id=72\",\"name\":\"Biblioteka - SZS-P nr 2 w Che\u0142mku\",\"isPartOf\":{\"@id\":\"https:\/\/szspchelmek.pl\/#website\"},\"primaryImageOfPage\":{\"@id\":\"https:\/\/szspchelmek.pl\/?page_id=72#primaryimage\"},\"image\":{\"@id\":\"https:\/\/szspchelmek.pl\/?page_id=72#primaryimage\"},\"thumbnailUrl\":\"https:\/\/szspchelmek.pl\/wp-content\/uploads\/2022\/10\/bi1-1140x684.jpg\",\"datePublished\":\"2018-09-21T09:27:17+00:00\",\"dateModified\":\"2023-10-04T09:06:48+00:00\",\"breadcrumb\":{\"@id\":\"https:\/\/szspchelmek.pl\/?page_id=72#breadcrumb\"},\"inLanguage\":\"pl-PL\",\"potentialAction\":[{\"@type\":\"ReadAction\",\"target\":[\"https:\/\/szspchelmek.pl\/?page_id=72\"]}]},{\"@type\":\"ImageObject\",\"inLanguage\":\"pl-PL\",\"@id\":\"https:\/\/szspchelmek.pl\/?page_id=72#primaryimage\",\"url\":\"https:\/\/szspchelmek.pl\/wp-content\/uploads\/2022\/10\/bi1.jpg\",\"contentUrl\":\"https:\/\/szspchelmek.pl\/wp-content\/uploads\/2022\/10\/bi1.jpg\",\"width\":1200,\"height\":720},{\"@type\":\"BreadcrumbList\",\"@id\":\"https:\/\/szspchelmek.pl\/?page_id=72#breadcrumb\",\"itemListElement\":[{\"@type\":\"ListItem\",\"position\":1,\"name\":\"Strona g\u0142\u00f3wna\",\"item\":\"https:\/\/szspchelmek.pl\/\"},{\"@type\":\"ListItem\",\"position\":2,\"name\":\"Menu g\u0142\u00f3wne\",\"item\":\"https:\/\/szspchelmek.pl\/?page_id=55\"},{\"@type\":\"ListItem\",\"position\":3,\"name\":\"Biblioteka\"}]},{\"@type\":\"WebSite\",\"@id\":\"https:\/\/szspchelmek.pl\/#website\",\"url\":\"https:\/\/szspchelmek.pl\/\",\"name\":\"SZS-P nr 2 w Che\u0142mku\",\"description\":\"Samorz\u0105dowy Zesp\u00f3\u0142 Szkolno-Przedszkolny nr 2 w Che\u0142mku\",\"publisher\":{\"@id\":\"https:\/\/szspchelmek.pl\/#organization\"},\"potentialAction\":[{\"@type\":\"SearchAction\",\"target\":{\"@type\":\"EntryPoint\",\"urlTemplate\":\"https:\/\/szspchelmek.pl\/?s={search_term_string}\"},\"query-input\":{\"@type\":\"PropertyValueSpecification\",\"valueRequired\":true,\"valueName\":\"search_term_string\"}}],\"inLanguage\":\"pl-PL\"},{\"@type\":\"Organization\",\"@id\":\"https:\/\/szspchelmek.pl\/#organization\",\"name\":\"Samorz\u0105dowy Zesp\u00f3\u0142 Szkolno-Przedszkolny nr 2\",\"url\":\"https:\/\/szspchelmek.pl\/\",\"logo\":{\"@type\":\"ImageObject\",\"inLanguage\":\"pl-PL\",\"@id\":\"https:\/\/szspchelmek.pl\/#\/schema\/logo\/image\/\",\"url\":\"https:\/\/szspchelmek.pl\/wp-content\/uploads\/2018\/09\/logo.png\",\"contentUrl\":\"https:\/\/szspchelmek.pl\/wp-content\/uploads\/2018\/09\/logo.png\",\"width\":500,\"height\":93,\"caption\":\"Samorz\u0105dowy Zesp\u00f3\u0142 Szkolno-Przedszkolny nr 2\"},\"image\":{\"@id\":\"https:\/\/szspchelmek.pl\/#\/schema\/logo\/image\/\"}}]}<\/script>\n<!-- \/ Yoast SEO plugin. -->","yoast_head_json":{"title":"Biblioteka - SZS-P nr 2 w Che\u0142mku","robots":{"index":"index","follow":"follow","max-snippet":"max-snippet:-1","max-image-preview":"max-image-preview:large","max-video-preview":"max-video-preview:-1"},"canonical":"https:\/\/szspchelmek.pl\/?page_id=72","og_locale":"pl_PL","og_type":"article","og_title":"Biblioteka - SZS-P nr 2 w Che\u0142mku","og_description":"Godziny Pracy Biblioteki &nbsp; Poniedzia\u0142ek&nbsp;&nbsp;&nbsp;&nbsp;&nbsp;&nbsp;&nbsp;&nbsp;&nbsp; 8.00 \u2013 14.00 Wtorek&nbsp;&nbsp;&nbsp;&nbsp;&nbsp;&nbsp;&nbsp;&nbsp;&nbsp;&nbsp;&nbsp;&nbsp;&nbsp;&nbsp;&nbsp;&nbsp;&nbsp; 8.00 \u2013 14.00 \u015aroda&nbsp;&nbsp;&nbsp;&nbsp;&nbsp;&nbsp;&nbsp;&nbsp;&nbsp;&nbsp;&nbsp;&nbsp;&nbsp;&nbsp;&nbsp;&nbsp;&nbsp;&nbsp;&nbsp; 8.00 \u2013 14.00 Czwartek&nbsp;&nbsp;&nbsp;&nbsp;&nbsp;&nbsp;&nbsp;&nbsp;&nbsp;&nbsp;&nbsp;&nbsp;&nbsp;&nbsp; 8.00 \u2013 14.30 Pi\u0105tek&nbsp;&nbsp;&nbsp;&nbsp;&nbsp;&nbsp;&nbsp;&nbsp;&nbsp;&nbsp;&nbsp;&nbsp;&nbsp;&nbsp;&nbsp;&nbsp;&nbsp;&nbsp;&nbsp; 8.00 \u2013 13.30 Lektury obowi\u0105zuj\u0105ce w klasach V \u2013VIII Regulamin Biblioteki Regulamin wypo\u017cyczania podr\u0119cznik\u00f3w uczniom SZS-P nr 2 Regulamin zwrotu ksi\u0105\u017cek\/podr\u0119cznik\u00f3w do szkolnej biblioteki (klasy 5-8) na czas epidemii GAZETKA HERMES Czerwone krzes\u0142o DLACZEGO czytaj \u00bb","og_url":"https:\/\/szspchelmek.pl\/?page_id=72","og_site_name":"SZS-P nr 2 w Che\u0142mku","article_modified_time":"2023-10-04T09:06:48+00:00","og_image":[{"url":"https:\/\/szspchelmek.pl\/wp-content\/uploads\/2022\/10\/bi1-1140x684.jpg","type":"","width":"","height":""}],"twitter_card":"summary_large_image","twitter_misc":{"Szacowany czas czytania":"1 minuta"},"schema":{"@context":"https:\/\/schema.org","@graph":[{"@type":"WebPage","@id":"https:\/\/szspchelmek.pl\/?page_id=72","url":"https:\/\/szspchelmek.pl\/?page_id=72","name":"Biblioteka - SZS-P nr 2 w Che\u0142mku","isPartOf":{"@id":"https:\/\/szspchelmek.pl\/#website"},"primaryImageOfPage":{"@id":"https:\/\/szspchelmek.pl\/?page_id=72#primaryimage"},"image":{"@id":"https:\/\/szspchelmek.pl\/?page_id=72#primaryimage"},"thumbnailUrl":"https:\/\/szspchelmek.pl\/wp-content\/uploads\/2022\/10\/bi1-1140x684.jpg","datePublished":"2018-09-21T09:27:17+00:00","dateModified":"2023-10-04T09:06:48+00:00","breadcrumb":{"@id":"https:\/\/szspchelmek.pl\/?page_id=72#breadcrumb"},"inLanguage":"pl-PL","potentialAction":[{"@type":"ReadAction","target":["https:\/\/szspchelmek.pl\/?page_id=72"]}]},{"@type":"ImageObject","inLanguage":"pl-PL","@id":"https:\/\/szspchelmek.pl\/?page_id=72#primaryimage","url":"https:\/\/szspchelmek.pl\/wp-content\/uploads\/2022\/10\/bi1.jpg","contentUrl":"https:\/\/szspchelmek.pl\/wp-content\/uploads\/2022\/10\/bi1.jpg","width":1200,"height":720},{"@type":"BreadcrumbList","@id":"https:\/\/szspchelmek.pl\/?page_id=72#breadcrumb","itemListElement":[{"@type":"ListItem","position":1,"name":"Strona g\u0142\u00f3wna","item":"https:\/\/szspchelmek.pl\/"},{"@type":"ListItem","position":2,"name":"Menu g\u0142\u00f3wne","item":"https:\/\/szspchelmek.pl\/?page_id=55"},{"@type":"ListItem","position":3,"name":"Biblioteka"}]},{"@type":"WebSite","@id":"https:\/\/szspchelmek.pl\/#website","url":"https:\/\/szspchelmek.pl\/","name":"SZS-P nr 2 w Che\u0142mku","description":"Samorz\u0105dowy Zesp\u00f3\u0142 Szkolno-Przedszkolny nr 2 w Che\u0142mku","publisher":{"@id":"https:\/\/szspchelmek.pl\/#organization"},"potentialAction":[{"@type":"SearchAction","target":{"@type":"EntryPoint","urlTemplate":"https:\/\/szspchelmek.pl\/?s={search_term_string}"},"query-input":{"@type":"PropertyValueSpecification","valueRequired":true,"valueName":"search_term_string"}}],"inLanguage":"pl-PL"},{"@type":"Organization","@id":"https:\/\/szspchelmek.pl\/#organization","name":"Samorz\u0105dowy Zesp\u00f3\u0142 Szkolno-Przedszkolny nr 2","url":"https:\/\/szspchelmek.pl\/","logo":{"@type":"ImageObject","inLanguage":"pl-PL","@id":"https:\/\/szspchelmek.pl\/#\/schema\/logo\/image\/","url":"https:\/\/szspchelmek.pl\/wp-content\/uploads\/2018\/09\/logo.png","contentUrl":"https:\/\/szspchelmek.pl\/wp-content\/uploads\/2018\/09\/logo.png","width":500,"height":93,"caption":"Samorz\u0105dowy Zesp\u00f3\u0142 Szkolno-Przedszkolny nr 2"},"image":{"@id":"https:\/\/szspchelmek.pl\/#\/schema\/logo\/image\/"}}]}},"_links":{"self":[{"href":"https:\/\/szspchelmek.pl\/index.php?rest_route=\/wp\/v2\/pages\/72","targetHints":{"allow":["GET"]}}],"collection":[{"href":"https:\/\/szspchelmek.pl\/index.php?rest_route=\/wp\/v2\/pages"}],"about":[{"href":"https:\/\/szspchelmek.pl\/index.php?rest_route=\/wp\/v2\/types\/page"}],"author":[{"embeddable":true,"href":"https:\/\/szspchelmek.pl\/index.php?rest_route=\/wp\/v2\/users\/1"}],"replies":[{"embeddable":true,"href":"https:\/\/szspchelmek.pl\/index.php?rest_route=%2Fwp%2Fv2%2Fcomments&post=72"}],"version-history":[{"count":56,"href":"https:\/\/szspchelmek.pl\/index.php?rest_route=\/wp\/v2\/pages\/72\/revisions"}],"predecessor-version":[{"id":11614,"href":"https:\/\/szspchelmek.pl\/index.php?rest_route=\/wp\/v2\/pages\/72\/revisions\/11614"}],"up":[{"embeddable":true,"href":"https:\/\/szspchelmek.pl\/index.php?rest_route=\/wp\/v2\/pages\/55"}],"wp:attachment":[{"href":"https:\/\/szspchelmek.pl\/index.php?rest_route=%2Fwp%2Fv2%2Fmedia&parent=72"}],"curies":[{"name":"wp","href":"https:\/\/api.w.org\/{rel}","templated":true}]}}