{"id":6642,"date":"2021-03-30T12:12:53","date_gmt":"2021-03-30T12:12:53","guid":{"rendered":"http:\/\/szspchelmek.pl\/?page_id=6642"},"modified":"2025-03-25T09:47:50","modified_gmt":"2025-03-25T09:47:50","slug":"deklaracja-dostepnosci","status":"publish","type":"page","link":"https:\/\/szspchelmek.pl\/?page_id=6642","title":{"rendered":"Deklaracja dost\u0119pno\u015bci"},"content":{"rendered":"\r\n<p>Samorz\u0105dowy Zesp\u00f3\u0142 Szkolno-Przedszkolny nr 2 w Che\u0142mku zobowi\u0105zuje si\u0119 zapewni\u0107 dost\u0119pno\u015b\u0107 swojej strony internetowej zgodnie z przepisami ustawy z dnia 4 kwietnia 2019 r. o dost\u0119pno\u015bci cyfrowej stron internetowych i aplikacji mobilnych podmiot\u00f3w publicznych. O\u015bwiadczenie w sprawie dost\u0119pno\u015bci ma zastosowanie do strony internetowej www.szspchelmek.pl<\/p>\r\n\r\n\r\n\r\n<p>Data publikacji strony internetowej: 16.11.2018 r.<\/p>\r\n\r\n\r\n\r\n<p>Data ostatniej istotnej aktualizacji; 01.09.2020 r.<\/p>\r\n\r\n\r\n\r\n<p><strong>Status zgodno\u015bci pod wzgl\u0119dem ustawy:<\/strong><\/p>\r\n\r\n\r\n\r\n<p>Strona internetowa jest cz\u0119\u015bciowo zgodna \u00a0\u00a0z ustaw\u0105 z dnia 4 kwietnia 2019 r. o dost\u0119pno\u015bci cyfrowej stron internetowych i aplikacji mobilnych podmiot\u00f3w publicznych z powodu niezgodno\u015bci lub wy\u0142\u0105cze\u0144 wymienionych poni\u017cej:<\/p>\r\n\r\n\r\n\r\n<ul class=\"wp-block-list\">\r\n<li>zamieszczone informacje s\u0105 w postaci artyku\u0142\u00f3w lub za\u0142\u0105cznik\u00f3w, kt\u00f3re s\u0105 dost\u0119pne cyfrowo w ca\u0142o\u015bci poniewa\u017c zosta\u0142y opublikowane przed wej\u015bciem \u017cycie ustawy<br \/>o dost\u0119pno\u015bci cyfrowej,<\/li>\r\n<li>zamieszczone informacje w postaci za\u0142\u0105cznik\u00f3w s\u0105 w postaci skan\u00f3w z uwagi na charakter informacji jaki jest niezb\u0119dny do opublikowania informacji,<\/li>\r\n<li>zdj\u0119cia wydarze\u0144 nie posiadaj\u0105 pe\u0142nych opis\u00f3w alternatywnych<\/li>\r\n<li>dokumenty w\u00a0 pdf nie s\u0105\u00a0 dokumentami edytowanymi<\/li>\r\n<\/ul>\r\n\r\n\r\n\r\n<p><strong>Dost\u0119pna strona:<\/strong><\/p>\r\n\r\n\r\n\r\n<ul class=\"wp-block-list\">\r\n<li>u\u017cytkownicy korzystaj\u0105 ze standardowych skr\u00f3t\u00f3w klawiaturowych,<\/li>\r\n<li>linki- tak\u017ce te prowadz\u0105ce do serwis\u00f3w zewn\u0119trznych \u2013 w zdecydowanie wi\u0119kszo\u015bci otwieraj\u0105 si\u0119 w tym samym oknie,<\/li>\r\n<li>zadbano o odpowiedni kontrast tekstu do t\u0142a i skalowanie wielko\u015bci tekstu, dzi\u0119ki temu materia\u0142y osadzone na stronie s\u0105 czytelne tak\u017ce dla os\u00f3b s\u0142abiej widz\u0105cych,<\/li>\r\n<li>osoby zamieszczaj\u0105ce teksty na stronie dok\u0142adaj\u0105 wszelkich stara\u0144 aby by\u0142y one zrozumia\u0142e oraz formatowane w spos\u00f3b zgodny z zasadami dost\u0119pno\u015bci.<\/li>\r\n<\/ul>\r\n\r\n\r\n\r\n<p><strong>O\u015bwiadczenie sporz\u0105dzono dnia: 01.09.2020 r.<\/strong><\/p>\r\n\r\n\r\n\r\n<p><strong>Metoda przygotowania o\u015bwiadczenia<\/strong><\/p>\r\n\r\n\r\n\r\n<p>Deklaracj\u0119 sporz\u0105dzono na podstawie samooceny przeprowadzonej przez podmiot publiczny.<\/p>\r\n\r\n\r\n\r\n<p><strong>Skr\u00f3ty klawiaturowe<\/strong><\/p>\r\n\r\n\r\n\r\n<p>Na stronie internetowej mo\u017cna u\u017cywa\u0107 standardowych skr\u00f3t\u00f3w klawiaturowych przegl\u0105darki.<\/p>\r\n\r\n\r\n\r\n<p><strong>Informacje zwrotne i dane kontaktowe<\/strong><\/p>\r\n\r\n\r\n\r\n<p>W przypadku problem\u00f3w z dost\u0119pno\u015bci\u0105 strony internetowej prosimy o kontakt. Osob\u0105 kontaktow\u0105 jest Katarzyna Bebak , e-mail\u00a0 sekretariat@szspchelmek.pl. Kontaktowa\u0107 mo\u017cna si\u0119 tak\u017ce dzwoni\u0105c na numer telefonu 33\u00a0846 13 86 . T\u0105 sam\u0105 drog\u0105 mo\u017cna sk\u0142ada\u0107 wnioski<br \/>o udost\u0119pnienie informacji niedost\u0119pnej oraz sk\u0142ada\u0107 \u017c\u0105dania zapewnienia dost\u0119pno\u015bci.<\/p>\r\n\r\n\r\n\r\n<p><strong>Procedury<\/strong><\/p>\r\n\r\n\r\n\r\n<p>Ka\u017cdy ma prawo do wyst\u0105pienia z \u017c\u0105daniem zapewnienia dost\u0119pno\u015bci cyfrowej strony internetowej, aplikacji mobilnej lub jakiego\u015b ich elementu. Mo\u017cna tak\u017ce za\u017c\u0105da\u0107 udost\u0119pnienia informacji za pomoc\u0105 alternatywnego sposobu dost\u0119pu, na przyk\u0142ad przez odczytanie niedost\u0119pnego cyfrowo dokumentu, opisanie zawarto\u015bci filmu bez audiodeskrypcji itp.<\/p>\r\n\r\n\r\n\r\n<p>\u017b\u0105danie powinno zawiera\u0107 dane osoby zg\u0142aszaj\u0105cej \u017c\u0105danie, wskazanie, o kt\u00f3r\u0105 stron\u0119 internetow\u0105 lub aplikacj\u0119 mobiln\u0105 chodzi oraz spos\u00f3b kontaktu. Je\u017celi osoba \u017c\u0105daj\u0105ca zg\u0142asza potrzeb\u0119 otrzymania informacji za pomoc\u0105 alternatywnego sposobu dost\u0119pu, powinna tak\u017ce okre\u015bli\u0107 dogodny dla niej spos\u00f3b przedstawienia tej informacji.<\/p>\r\n\r\n\r\n\r\n<p>Podmiot publiczny powinien zrealizowa\u0107 \u017c\u0105danie niezw\u0142ocznie, nie p\u00f3\u017aniej ni\u017c w ci\u0105gu 7 dni od dnia wyst\u0105pienia z \u017c\u0105daniem. Je\u017celi dotrzymanie tego terminu nie jest mo\u017cliwe, podmiot publiczny niezw\u0142ocznie informuje o tym wnosz\u0105cego \u017c\u0105danie, kiedy realizacja \u017c\u0105dania b\u0119dzie mo\u017cliwa, przy czym termin ten nie mo\u017ce by\u0107 d\u0142u\u017cszy ni\u017c 2 miesi\u0105ce od dnia wyst\u0105pienia z \u017c\u0105daniem.<\/p>\r\n\r\n\r\n\r\n<p>Je\u017celi zapewnienie dost\u0119pno\u015bci cyfrowej nie jest mo\u017cliwe, podmiot publiczny mo\u017ce zaproponowa\u0107 alternatywny spos\u00f3b dost\u0119pu do informacji.<\/p>\r\n\r\n\r\n\r\n<p>W przypadku, gdy podmiot publiczny odm\u00f3wi realizacji \u017c\u0105dania zapewnienia dost\u0119pno\u015bci lub alternatywnego sposobu dost\u0119pu do informacji, wnosz\u0105cy \u017c\u0105danie mo\u017cne z\u0142o\u017cy\u0107 skarg\u0119 w sprawie zapewniana dost\u0119pno\u015bci cyfrowej strony internetowej, aplikacji mobilnej lub elementu strony internetowej, lub aplikacji mobilnej.<\/p>\r\n\r\n\r\n\r\n<p>Po wyczerpaniu wskazanej wy\u017cej procedury mo\u017cna tak\u017ce z\u0142o\u017cy\u0107 wniosek do <a href=\"https:\/\/www.rpo.gov.pl\/\">Rzecznika Praw Obywatelskich<\/a> (<a href=\"https:\/\/www.rpo.gov.pl\/\">www.rpo.gov.pl<\/a>).<\/p>\r\n\r\n\r\n\r\n<p><strong>Dost\u0119pno\u015b\u0107 architektoniczna<\/strong><\/p>\r\n\r\n\r\n\r\n<p>Samorz\u0105dowy Zesp\u00f3\u0142 Szkolno-Przedszkolny nr 2 w Che\u0142mku mie\u015bci si\u0119 w dw\u00f3ch budynkach:<\/p>\r\n\r\n\r\n\r\n<ul class=\"wp-block-list\">\r\n<li>przy ulicy Pi\u0142sudskiego 1, 32-660 Che\u0142mek.<\/li>\r\n<\/ul>\r\n\r\n\r\n\r\n<p>W s\u0105siedztwie szko\u0142y znajduje si\u0119 parking og\u00f3lnodost\u0119pny. Istniej\u0105 dwa wej\u015bcia do szko\u0142y. Jedno z nich jest zaopatrzone w podjazd dla niepe\u0142nosprawnych, do drugiego wej\u015bcia prowadz\u0105 tylko schody. Szko\u0142a \u00a0nie posiada wind, ma natomiast toalet\u0119 dostosowan\u0105 do potrzeb os\u00f3b niepe\u0142nosprawnych. Szko\u0142a nie ma t\u0142umacza j\u0119zyka migowego. Drogi ewakuacyjne wewn\u0105trz budynku s\u0105 oznakowane.<\/p>\r\n\r\n\r\n\r\n<ul class=\"wp-block-list\">\r\n<li>przy ulicy Brzozowej 7-9, 32-660 Che\u0142mek.<\/li>\r\n<\/ul>\r\n\r\n\r\n\r\n<p>Przed szko\u0142\u0105 znajduje\u00a0si\u0119 parking og\u00f3lnodost\u0119pny. Istniej\u0105 trzy wej\u015bcia, dwa wej\u015bcia do szko\u0142y i jedno do przedszkola. Jedno z wej\u015b\u0107 do szko\u0142y jest zaopatrzone w podjazd dla niepe\u0142nosprawnych, do drugiego wej\u015bcia prowadz\u0105 tylko schody. \u00a0Trzecie wej\u015bcie prowadzi do przedszkola \u2013 nie ma schod\u00f3w. Plac\u00f3wka \u00a0nie posiada wind, \u00a0ma natomiast toalet\u0119 dostosowan\u0105 do potrzeb os\u00f3b niepe\u0142nosprawnych. Plac\u00f3wka nie ma t\u0142umacza j\u0119zyka migowego. Drogi ewakuacyjne wewn\u0105trz budynku s\u0105 oznakowane.<\/p>\r\n<p>&nbsp;<\/p>\r\n<p><a href=\"https:\/\/szspchelmek.pl\/wp-content\/uploads\/2025\/03\/Raport-o-stanie-zapewnienia-dostepnosci-podmiotu-publicznego-Szkola-Podstawowa-nr-2-w-Chelmku-wydruk-15.pdf\">Raport o stanie zapewnienia dost\u0119pno\u015bci podmiotu publicznego &#8211; Szko\u0142a Podstawowa nr 2 w Che\u0142mku <\/a><\/p>\r\n<p>&nbsp;<\/p>\r\n","protected":false},"excerpt":{"rendered":"<p>Samorz\u0105dowy Zesp\u00f3\u0142 Szkolno-Przedszkolny nr 2 w Che\u0142mku zobowi\u0105zuje si\u0119 zapewni\u0107 dost\u0119pno\u015b\u0107 swojej strony internetowej zgodnie z przepisami ustawy z dnia 4 kwietnia 2019 r. o dost\u0119pno\u015bci cyfrowej stron internetowych i aplikacji mobilnych podmiot\u00f3w publicznych. O\u015bwiadczenie w sprawie dost\u0119pno\u015bci ma zastosowanie do strony internetowej www.szspchelmek.pl Data publikacji strony internetowej: 16.11.2018 r. Data ostatniej istotnej aktualizacji; 01.09.2020 <a href=\"https:\/\/szspchelmek.pl\/?page_id=6642#more-'\" class=\"more-link\">czytaj <span>\u00bb<\/span><\/a><\/p>\n","protected":false},"author":4,"featured_media":0,"parent":55,"menu_order":14,"comment_status":"closed","ping_status":"closed","template":"","meta":{"footnotes":""},"class_list":["post-6642","page","type-page","status-publish","hentry"],"yoast_head":"<!-- This site is optimized with the Yoast SEO plugin v26.5 - https:\/\/yoast.com\/wordpress\/plugins\/seo\/ -->\n<title>Deklaracja dost\u0119pno\u015bci - SZS-P nr 2 w Che\u0142mku<\/title>\n<meta name=\"robots\" content=\"index, follow, max-snippet:-1, max-image-preview:large, max-video-preview:-1\" \/>\n<link rel=\"canonical\" href=\"https:\/\/szspchelmek.pl\/?page_id=6642\" \/>\n<meta property=\"og:locale\" content=\"pl_PL\" \/>\n<meta property=\"og:type\" content=\"article\" \/>\n<meta property=\"og:title\" content=\"Deklaracja dost\u0119pno\u015bci - SZS-P nr 2 w Che\u0142mku\" \/>\n<meta property=\"og:description\" content=\"Samorz\u0105dowy Zesp\u00f3\u0142 Szkolno-Przedszkolny nr 2 w Che\u0142mku zobowi\u0105zuje si\u0119 zapewni\u0107 dost\u0119pno\u015b\u0107 swojej strony internetowej zgodnie z przepisami ustawy z dnia 4 kwietnia 2019 r. o dost\u0119pno\u015bci cyfrowej stron internetowych i aplikacji mobilnych podmiot\u00f3w publicznych. O\u015bwiadczenie w sprawie dost\u0119pno\u015bci ma zastosowanie do strony internetowej www.szspchelmek.pl Data publikacji strony internetowej: 16.11.2018 r. Data ostatniej istotnej aktualizacji; 01.09.2020 czytaj \u00bb\" \/>\n<meta property=\"og:url\" content=\"https:\/\/szspchelmek.pl\/?page_id=6642\" \/>\n<meta property=\"og:site_name\" content=\"SZS-P nr 2 w Che\u0142mku\" \/>\n<meta property=\"article:modified_time\" content=\"2025-03-25T09:47:50+00:00\" \/>\n<meta name=\"twitter:card\" content=\"summary_large_image\" \/>\n<meta name=\"twitter:label1\" content=\"Szacowany czas czytania\" \/>\n\t<meta name=\"twitter:data1\" content=\"4 minuty\" \/>\n<script type=\"application\/ld+json\" class=\"yoast-schema-graph\">{\"@context\":\"https:\/\/schema.org\",\"@graph\":[{\"@type\":\"WebPage\",\"@id\":\"https:\/\/szspchelmek.pl\/?page_id=6642\",\"url\":\"https:\/\/szspchelmek.pl\/?page_id=6642\",\"name\":\"Deklaracja dost\u0119pno\u015bci - SZS-P nr 2 w Che\u0142mku\",\"isPartOf\":{\"@id\":\"https:\/\/szspchelmek.pl\/#website\"},\"datePublished\":\"2021-03-30T12:12:53+00:00\",\"dateModified\":\"2025-03-25T09:47:50+00:00\",\"breadcrumb\":{\"@id\":\"https:\/\/szspchelmek.pl\/?page_id=6642#breadcrumb\"},\"inLanguage\":\"pl-PL\",\"potentialAction\":[{\"@type\":\"ReadAction\",\"target\":[\"https:\/\/szspchelmek.pl\/?page_id=6642\"]}]},{\"@type\":\"BreadcrumbList\",\"@id\":\"https:\/\/szspchelmek.pl\/?page_id=6642#breadcrumb\",\"itemListElement\":[{\"@type\":\"ListItem\",\"position\":1,\"name\":\"Strona g\u0142\u00f3wna\",\"item\":\"https:\/\/szspchelmek.pl\/\"},{\"@type\":\"ListItem\",\"position\":2,\"name\":\"Menu g\u0142\u00f3wne\",\"item\":\"https:\/\/szspchelmek.pl\/?page_id=55\"},{\"@type\":\"ListItem\",\"position\":3,\"name\":\"Deklaracja dost\u0119pno\u015bci\"}]},{\"@type\":\"WebSite\",\"@id\":\"https:\/\/szspchelmek.pl\/#website\",\"url\":\"https:\/\/szspchelmek.pl\/\",\"name\":\"SZS-P nr 2 w Che\u0142mku\",\"description\":\"Samorz\u0105dowy Zesp\u00f3\u0142 Szkolno-Przedszkolny nr 2 w Che\u0142mku\",\"publisher\":{\"@id\":\"https:\/\/szspchelmek.pl\/#organization\"},\"potentialAction\":[{\"@type\":\"SearchAction\",\"target\":{\"@type\":\"EntryPoint\",\"urlTemplate\":\"https:\/\/szspchelmek.pl\/?s={search_term_string}\"},\"query-input\":{\"@type\":\"PropertyValueSpecification\",\"valueRequired\":true,\"valueName\":\"search_term_string\"}}],\"inLanguage\":\"pl-PL\"},{\"@type\":\"Organization\",\"@id\":\"https:\/\/szspchelmek.pl\/#organization\",\"name\":\"Samorz\u0105dowy Zesp\u00f3\u0142 Szkolno-Przedszkolny nr 2\",\"url\":\"https:\/\/szspchelmek.pl\/\",\"logo\":{\"@type\":\"ImageObject\",\"inLanguage\":\"pl-PL\",\"@id\":\"https:\/\/szspchelmek.pl\/#\/schema\/logo\/image\/\",\"url\":\"https:\/\/szspchelmek.pl\/wp-content\/uploads\/2018\/09\/logo.png\",\"contentUrl\":\"https:\/\/szspchelmek.pl\/wp-content\/uploads\/2018\/09\/logo.png\",\"width\":500,\"height\":93,\"caption\":\"Samorz\u0105dowy Zesp\u00f3\u0142 Szkolno-Przedszkolny nr 2\"},\"image\":{\"@id\":\"https:\/\/szspchelmek.pl\/#\/schema\/logo\/image\/\"}}]}<\/script>\n<!-- \/ Yoast SEO plugin. -->","yoast_head_json":{"title":"Deklaracja dost\u0119pno\u015bci - SZS-P nr 2 w Che\u0142mku","robots":{"index":"index","follow":"follow","max-snippet":"max-snippet:-1","max-image-preview":"max-image-preview:large","max-video-preview":"max-video-preview:-1"},"canonical":"https:\/\/szspchelmek.pl\/?page_id=6642","og_locale":"pl_PL","og_type":"article","og_title":"Deklaracja dost\u0119pno\u015bci - SZS-P nr 2 w Che\u0142mku","og_description":"Samorz\u0105dowy Zesp\u00f3\u0142 Szkolno-Przedszkolny nr 2 w Che\u0142mku zobowi\u0105zuje si\u0119 zapewni\u0107 dost\u0119pno\u015b\u0107 swojej strony internetowej zgodnie z przepisami ustawy z dnia 4 kwietnia 2019 r. o dost\u0119pno\u015bci cyfrowej stron internetowych i aplikacji mobilnych podmiot\u00f3w publicznych. O\u015bwiadczenie w sprawie dost\u0119pno\u015bci ma zastosowanie do strony internetowej www.szspchelmek.pl Data publikacji strony internetowej: 16.11.2018 r. Data ostatniej istotnej aktualizacji; 01.09.2020 czytaj \u00bb","og_url":"https:\/\/szspchelmek.pl\/?page_id=6642","og_site_name":"SZS-P nr 2 w Che\u0142mku","article_modified_time":"2025-03-25T09:47:50+00:00","twitter_card":"summary_large_image","twitter_misc":{"Szacowany czas czytania":"4 minuty"},"schema":{"@context":"https:\/\/schema.org","@graph":[{"@type":"WebPage","@id":"https:\/\/szspchelmek.pl\/?page_id=6642","url":"https:\/\/szspchelmek.pl\/?page_id=6642","name":"Deklaracja dost\u0119pno\u015bci - SZS-P nr 2 w Che\u0142mku","isPartOf":{"@id":"https:\/\/szspchelmek.pl\/#website"},"datePublished":"2021-03-30T12:12:53+00:00","dateModified":"2025-03-25T09:47:50+00:00","breadcrumb":{"@id":"https:\/\/szspchelmek.pl\/?page_id=6642#breadcrumb"},"inLanguage":"pl-PL","potentialAction":[{"@type":"ReadAction","target":["https:\/\/szspchelmek.pl\/?page_id=6642"]}]},{"@type":"BreadcrumbList","@id":"https:\/\/szspchelmek.pl\/?page_id=6642#breadcrumb","itemListElement":[{"@type":"ListItem","position":1,"name":"Strona g\u0142\u00f3wna","item":"https:\/\/szspchelmek.pl\/"},{"@type":"ListItem","position":2,"name":"Menu g\u0142\u00f3wne","item":"https:\/\/szspchelmek.pl\/?page_id=55"},{"@type":"ListItem","position":3,"name":"Deklaracja dost\u0119pno\u015bci"}]},{"@type":"WebSite","@id":"https:\/\/szspchelmek.pl\/#website","url":"https:\/\/szspchelmek.pl\/","name":"SZS-P nr 2 w Che\u0142mku","description":"Samorz\u0105dowy Zesp\u00f3\u0142 Szkolno-Przedszkolny nr 2 w Che\u0142mku","publisher":{"@id":"https:\/\/szspchelmek.pl\/#organization"},"potentialAction":[{"@type":"SearchAction","target":{"@type":"EntryPoint","urlTemplate":"https:\/\/szspchelmek.pl\/?s={search_term_string}"},"query-input":{"@type":"PropertyValueSpecification","valueRequired":true,"valueName":"search_term_string"}}],"inLanguage":"pl-PL"},{"@type":"Organization","@id":"https:\/\/szspchelmek.pl\/#organization","name":"Samorz\u0105dowy Zesp\u00f3\u0142 Szkolno-Przedszkolny nr 2","url":"https:\/\/szspchelmek.pl\/","logo":{"@type":"ImageObject","inLanguage":"pl-PL","@id":"https:\/\/szspchelmek.pl\/#\/schema\/logo\/image\/","url":"https:\/\/szspchelmek.pl\/wp-content\/uploads\/2018\/09\/logo.png","contentUrl":"https:\/\/szspchelmek.pl\/wp-content\/uploads\/2018\/09\/logo.png","width":500,"height":93,"caption":"Samorz\u0105dowy Zesp\u00f3\u0142 Szkolno-Przedszkolny nr 2"},"image":{"@id":"https:\/\/szspchelmek.pl\/#\/schema\/logo\/image\/"}}]}},"_links":{"self":[{"href":"https:\/\/szspchelmek.pl\/index.php?rest_route=\/wp\/v2\/pages\/6642","targetHints":{"allow":["GET"]}}],"collection":[{"href":"https:\/\/szspchelmek.pl\/index.php?rest_route=\/wp\/v2\/pages"}],"about":[{"href":"https:\/\/szspchelmek.pl\/index.php?rest_route=\/wp\/v2\/types\/page"}],"author":[{"embeddable":true,"href":"https:\/\/szspchelmek.pl\/index.php?rest_route=\/wp\/v2\/users\/4"}],"replies":[{"embeddable":true,"href":"https:\/\/szspchelmek.pl\/index.php?rest_route=%2Fwp%2Fv2%2Fcomments&post=6642"}],"version-history":[{"count":3,"href":"https:\/\/szspchelmek.pl\/index.php?rest_route=\/wp\/v2\/pages\/6642\/revisions"}],"predecessor-version":[{"id":25137,"href":"https:\/\/szspchelmek.pl\/index.php?rest_route=\/wp\/v2\/pages\/6642\/revisions\/25137"}],"up":[{"embeddable":true,"href":"https:\/\/szspchelmek.pl\/index.php?rest_route=\/wp\/v2\/pages\/55"}],"wp:attachment":[{"href":"https:\/\/szspchelmek.pl\/index.php?rest_route=%2Fwp%2Fv2%2Fmedia&parent=6642"}],"curies":[{"name":"wp","href":"https:\/\/api.w.org\/{rel}","templated":true}]}}