{"id":105,"date":"2018-09-21T09:39:30","date_gmt":"2018-09-21T09:39:30","guid":{"rendered":"http:\/\/szspchelmek.pl\/?page_id=105"},"modified":"2025-09-30T07:29:02","modified_gmt":"2025-09-30T07:29:02","slug":"pedagog","status":"publish","type":"page","link":"https:\/\/szspchelmek.pl\/?page_id=105","title":{"rendered":"Pedagog"},"content":{"rendered":"<p style=\"text-align: center;\"><strong>Pedagog szkolny<\/strong><\/p>\r\n<p style=\"text-align: center;\"><strong>mgr Katarzyna Linchard<\/strong><\/p>\r\n<p style=\"text-align: center;\"><strong>Poniedzia\u0142ek:<\/strong> 13.30 &#8211; 15.30<\/p>\r\n<p style=\"text-align: center;\"><strong>Wtorek:<\/strong> 8.00 &#8211; 14.30<\/p>\r\n<p style=\"text-align: center;\"><strong>\u015a<\/strong><strong>roda:<\/strong> 8.00 &#8211; 15.00<\/p>\r\n<p style=\"text-align: center;\"><strong>Czwartek:<\/strong> 14.25 &#8211; 15.30\u00a0<br \/><strong>Pi<\/strong><strong>\u0105<\/strong><strong>tek:<\/strong> 8.00 &#8211; 15.30<\/p>\r\n<p style=\"text-align: center;\"><a href=\"https:\/\/szspchelmek.pl\/wp-content\/uploads\/2025\/09\/List-Ministra-Edukacji-do-rodzicow-SP-SPP-i-placowek-68c43e52296f5.pdf\">LIST MINISTER EDUKACJI NA TYDZIE\u0143 PRZECIWDZIA\u0141ANIA PRZEMOCY R\u00d3WIE\u015aNICZEJ<\/a><\/p>\r\n<p><strong>Od 1 listopada uruchomiony zosta\u0142 telefon zaufania Rzecznika Praw Dziecka o numerze 800121212, kt\u00f3ry zast\u0105pi\u0142 og\u00f3lnopolsk\u0105 infolini\u0119 dla dzieci i m\u0142odzie\u017cy POMAGAMY. Pod tym numerem osoby prze\u017cywaj\u0105ce trudno\u015bci, kt\u00f3re mog\u0105 wp\u0142ywa\u0107 na zdrowie psychiczne otrzymaj\u0105 profesjonalne wsparcie psychologiczne. Ponadto dzieci i m\u0142odzie\u017c mog\u0105 korzysta\u0107 z czatu internetowego, kt\u00f3ry nie wymaga logowania oraz instalowania \u017cadnej aplikacji.<\/strong><\/p>\r\n<p>Szanowni Pa\u0144stwo, drodzy uczniowie wszelkie pytania do pedagoga szkolnego w zakresie porad i konsultacji wynikaj\u0105cych z potrzeb zwi\u0105zanych ze szko\u0142\u0105 oraz z r\u00f3\u017cnych innych sytuacji \u017cyciowych prosz\u0119 kierowa\u0107 na dziennik elektroniczny.<\/p>\r\n<p style=\"text-align: left;\"><strong>Nie dla przemocy!<\/strong><\/p>\r\n<p>W naszej szkole podejmujemy dzia\u0142ania z zakresu przeciwdzia\u0142ania przemocy domowej. W ramach tych dzia\u0142a\u0144 kszta\u0142tujemy zachowania wolne od przemocy, prospo\u0142eczne. Przekazujemy wiedz\u0119 na temat mechanizm\u00f3w, faz, rodzaj\u00f3w przemocy. Udost\u0119pniamy informacje gdzie, jak i u kogo szuka\u0107 pomocy na wypadek do\u015bwiadczania przemocy przez nas samych lub innych os\u00f3b. Przemoc to intencjonalne dzia\u0142anie lub zaniechanie jednej ze stron, kt\u00f3ra wykorzystuj\u0105c przewag\u0119 si\u0142 narusza prawa i dobra osobiste jednostki powoduj\u0105c cierpienia i szkody. Wyr\u00f3\u017cniamy nast\u0119puj\u0105ce rodzaje przemocy; fizyczna, psychiczna, seksualna, ekonomiczna i zaniedbanie.<\/p>\r\n<p>Przemoc jest z\u0142a i nic jej nie usprawiedliwia! Cz\u0119sto ofiary s\u0105 izolowane od rodziny czy przyjaci\u00f3\u0142. Zdarza si\u0119 \u017ce na co dzie\u0144 s\u0105 poni\u017cane i podwa\u017cane jest ich poczucie warto\u015bci. \u017byj\u0105 w poczuciu zagro\u017cenia, l\u0119ku i niepewno\u015bci. Przemoc zabija poczucie bezpiecze\u0144stwa.<\/p>\r\n<p>Przemoc cz\u0119sto przybiera posta\u0107 nast\u0119puj\u0105cych po sobie faz; narastaj\u0105cego napi\u0119cia, ostrej przemocy, miodowego miesi\u0105ca.<\/p>\r\n<p>Przemoc mo\u017cna i nale\u017cy przerwa\u0107. Wa\u017cne jest \u017ceby wiedzie\u0107 gdzie, jak i u kogo szuka\u0107 pomocy. W naszej gminie funkcjonuje Zesp\u00f3\u0142 Interdyscyplinarny ds. przeciwdzia\u0142ania przemocy domowej, kt\u00f3rego zadaniem jest podejmowanie dzia\u0142a\u0144 zapobiegawczych, inicjowanie interwencji w \u015brodowisku dotkni\u0119tym przemoc\u0105, diagnozowanie problemu przemocy w rodzinie.<\/p>\r\n<p>Katarzyna Linchard<\/p>\r\n<p style=\"text-align: center;\"><strong>Instytucje wspomagaj\u0105ce rodzin\u0119 oraz prace szko\u0142y<\/strong><\/p>\r\n<ol>\r\n<li>Poradnia Psychologiczno \u2013 Pedagogiczna w O\u015bwi\u0119cimiu<\/li>\r\n<\/ol>\r\n<p>33\u00a0843-11-62<\/p>\r\n<ol start=\"2\">\r\n<li>O\u015brodek Interwencji Kryzysowej w O\u015bwi\u0119cimiu<\/li>\r\n<\/ol>\r\n<p>33\u00a0847-45-55<\/p>\r\n<ol start=\"3\">\r\n<li>Powiatowe Centrum Pomocy Rodzinie w O\u015bwi\u0119cimiu<\/li>\r\n<\/ol>\r\n<p>33\u00a0842-23-29<\/p>\r\n<ol start=\"4\">\r\n<li>Miejski O\u015brodek Pomocy Spo\u0142ecznej w Che\u0142mku<\/li>\r\n<\/ol>\r\n<p>33\u00a0846-13-39<\/p>\r\n<ol start=\"5\">\r\n<li>Policja<\/li>\r\n<\/ol>\r\n\r\n<p><strong><a href=\"https:\/\/szspchelmek.pl\/wp-content\/uploads\/2021\/03\/zalacznik-1.pdf\" target=\"_blank\" rel=\"noreferrer noopener\">Jak rozmawia\u0107 z dzie\u0107mi o emocjach?<\/a><\/strong><\/p>\r\n\r\n\r\n\r\n<p><strong><a href=\"https:\/\/szspchelmek.pl\/wp-content\/uploads\/2021\/03\/zalacznik-2.pdf\" target=\"_blank\" rel=\"noreferrer noopener\">Jak rozmawia\u0107 z dzieckiem o asertywno\u015bci i jak uczy\u0107 postawy asertywnej<\/a><\/strong><\/p>\r\n\r\n\r\n\r\n<p><strong><a href=\"https:\/\/szspchelmek.pl\/wp-content\/uploads\/2021\/03\/zalacznik-3.pdf\" target=\"_blank\" rel=\"noreferrer noopener\">Usprawnianie percepcji s\u0142uchowej<\/a><\/strong><\/p>\r\n\r\n\r\n\r\n<p><strong><a href=\"https:\/\/szspchelmek.pl\/wp-content\/uploads\/2021\/03\/zalacznik-4.pdf\" target=\"_blank\" rel=\"noreferrer noopener\">Propozycje \u0107wicze\u0144 rozwijaj\u0105cych percepcj\u0119 wzrokow\u0105<\/a><\/strong><\/p>\r\n\r\n\r\n\r\n<p><strong><a href=\"https:\/\/szspchelmek.pl\/wp-content\/uploads\/2021\/03\/zalacznik-5.pdf\" target=\"_blank\" rel=\"noreferrer noopener\">Porady dla rodzic\u00f3w jak uczy\u0107 dziecko bezpiecznego korzystania z Internetu<\/a><\/strong><\/p>\r\n\r\n\r\n\r\n<p><strong><a href=\"https:\/\/szspchelmek.pl\/wp-content\/uploads\/2021\/03\/zalacznik-6.pdf\" target=\"_blank\" rel=\"noreferrer noopener\">Rola rodzic\u00f3w w kszta\u0142towaniu pozytywnych relacji r\u00f3wie\u015bniczych<\/a><\/strong><\/p>\r\n\r\n\r\n\r\n<p><a href=\"https:\/\/szspchelmek.pl\/wp-content\/uploads\/2025\/09\/Zalacznik-nr-16-EBOOK-Sila-wiezi-rodzinnych-dla-rodzicow-dzieci-w-wieku-5-12-68c4408dc5820.pdf\">Si\u0142a wi\u0119zi rodzinnych<\/a><\/p>\r\n\r\n\r\n\r\n<p>&nbsp;<\/p>\r\n\r\n\r\n\r\n<p>&nbsp;<\/p>\r\n\r\n\r\n\r\n<p>&nbsp;<\/p>\r\n\r\n\r\n\r\n<p>&nbsp;<\/p>\r\n\r\n\r\n\r\n<p>&nbsp;<\/p>\r\n<!-- WP Attachments -->\r\n        <div style=\"width:100%;margin:10px 0 10px 0;\">\r\n            <h3>Do pobrania<\/h3>\r\n        <ul class=\"post-attachments\"><li class=\"post-attachment mime-application-pdf\">                <a class=\"download\" href=\"https:\/\/szspchelmek.pl\/wp-content\/uploads\/2021\/05\/Metody-i-sposoby-konstruktywnego-postepowania-w-sytuacjach-stresujacych.pdf\">Metody i sposoby konstruktywnego post\u0119powania w sytuacjach stresuj\u0105cych <small>509 kB<\/small><\/a><\/li><li class=\"post-attachment mime-application-pdf\">                <a class=\"download\" href=\"https:\/\/szspchelmek.pl\/wp-content\/uploads\/2021\/05\/Przyjazn.pdf\">Przyja\u017a\u0144 <small>393 kB<\/small><\/a><\/li><li class=\"post-attachment mime-application-pdf\">                <a class=\"download\" href=\"https:\/\/szspchelmek.pl\/wp-content\/uploads\/2021\/05\/Relacje-rowiesnicze.-Zawieranie-utrzymywanie..pdf\">Relacje r\u00f3wie\u015bnicze. Zawieranie, utrzymywanie. <small>494 kB<\/small><\/a><\/li><li class=\"post-attachment mime-application-pdf\">                <a class=\"download\" href=\"https:\/\/szspchelmek.pl\/wp-content\/uploads\/2021\/05\/Wskazowki-i-porady-pomocne-w-postepowaniu-z-dziecmi-1.pdf\">Wskaz\u00f3wki i porady pomocne w post\u0119powaniu z dzie\u0107mi; <small>641 kB<\/small><\/a><\/li><li class=\"post-attachment mime-application-pdf\">                <a class=\"download\" href=\"https:\/\/szspchelmek.pl\/wp-content\/uploads\/2021\/05\/Relacje-rowiesnicze.pdf\">Relacje r\u00f3wie\u015bnicze <small>494 kB<\/small><\/a><\/li><li class=\"post-attachment mime-application-pdf\">                <a class=\"download\" href=\"https:\/\/szspchelmek.pl\/wp-content\/uploads\/2025\/09\/Zalacznik-nr-16-EBOOK-Sila-wiezi-rodzinnych-dla-rodzicow-dzieci-w-wieku-5-12-68c4408dc5820.pdf\">Zalacznik-nr-16-EBOOK-Sila-wiezi-rodzinnych-dla-rodzicow-dzieci-w-wieku-5-12-68c4408dc5820 <small>7 MB<\/small><\/a><\/li><li class=\"post-attachment mime-application-pdf\">                <a class=\"download\" href=\"https:\/\/szspchelmek.pl\/wp-content\/uploads\/2025\/09\/List-Ministra-Edukacji-do-rodzicow-SP-SPP-i-placowek-68c43e52296f5.pdf\">List-Ministra-Edukacji-do-rodzicow-SP-SPP-i-placowek-68c43e52296f5 <small>510 kB<\/small><\/a><\/li><\/ul><\/div>","protected":false},"excerpt":{"rendered":"<p>Pedagog szkolny mgr Katarzyna Linchard Poniedzia\u0142ek: 13.30 &#8211; 15.30 Wtorek: 8.00 &#8211; 14.30 \u015aroda: 8.00 &#8211; 15.00 Czwartek: 14.25 &#8211; 15.30\u00a0Pi\u0105tek: 8.00 &#8211; 15.30 LIST MINISTER EDUKACJI NA TYDZIE\u0143 PRZECIWDZIA\u0141ANIA PRZEMOCY R\u00d3WIE\u015aNICZEJ Od 1 listopada uruchomiony zosta\u0142 telefon zaufania Rzecznika Praw Dziecka o numerze 800121212, kt\u00f3ry zast\u0105pi\u0142 og\u00f3lnopolsk\u0105 infolini\u0119 dla dzieci i m\u0142odzie\u017cy POMAGAMY. Pod <a href=\"https:\/\/szspchelmek.pl\/?page_id=105#more-'\" class=\"more-link\">czytaj <span>\u00bb<\/span><\/a><\/p>\n","protected":false},"author":1,"featured_media":0,"parent":95,"menu_order":5,"comment_status":"closed","ping_status":"closed","template":"","meta":{"footnotes":""},"class_list":["post-105","page","type-page","status-publish","hentry"],"yoast_head":"<!-- This site is optimized with the Yoast SEO plugin v26.5 - https:\/\/yoast.com\/wordpress\/plugins\/seo\/ -->\n<title>Pedagog - SZS-P nr 2 w Che\u0142mku<\/title>\n<meta name=\"robots\" content=\"index, follow, max-snippet:-1, max-image-preview:large, max-video-preview:-1\" \/>\n<link rel=\"canonical\" href=\"https:\/\/szspchelmek.pl\/?page_id=105\" \/>\n<meta property=\"og:locale\" content=\"pl_PL\" \/>\n<meta property=\"og:type\" content=\"article\" \/>\n<meta property=\"og:title\" content=\"Pedagog - SZS-P nr 2 w Che\u0142mku\" \/>\n<meta property=\"og:description\" content=\"Pedagog szkolny mgr Katarzyna Linchard Poniedzia\u0142ek: 13.30 &#8211; 15.30 Wtorek: 8.00 &#8211; 14.30 \u015aroda: 8.00 &#8211; 15.00 Czwartek: 14.25 &#8211; 15.30\u00a0Pi\u0105tek: 8.00 &#8211; 15.30 LIST MINISTER EDUKACJI NA TYDZIE\u0143 PRZECIWDZIA\u0141ANIA PRZEMOCY R\u00d3WIE\u015aNICZEJ Od 1 listopada uruchomiony zosta\u0142 telefon zaufania Rzecznika Praw Dziecka o numerze 800121212, kt\u00f3ry zast\u0105pi\u0142 og\u00f3lnopolsk\u0105 infolini\u0119 dla dzieci i m\u0142odzie\u017cy POMAGAMY. Pod czytaj \u00bb\" \/>\n<meta property=\"og:url\" content=\"https:\/\/szspchelmek.pl\/?page_id=105\" \/>\n<meta property=\"og:site_name\" content=\"SZS-P nr 2 w Che\u0142mku\" \/>\n<meta property=\"article:modified_time\" content=\"2025-09-30T07:29:02+00:00\" \/>\n<meta name=\"twitter:card\" content=\"summary_large_image\" \/>\n<meta name=\"twitter:label1\" content=\"Szacowany czas czytania\" \/>\n\t<meta name=\"twitter:data1\" content=\"3 minuty\" \/>\n<script type=\"application\/ld+json\" class=\"yoast-schema-graph\">{\"@context\":\"https:\/\/schema.org\",\"@graph\":[{\"@type\":\"WebPage\",\"@id\":\"https:\/\/szspchelmek.pl\/?page_id=105\",\"url\":\"https:\/\/szspchelmek.pl\/?page_id=105\",\"name\":\"Pedagog - SZS-P nr 2 w Che\u0142mku\",\"isPartOf\":{\"@id\":\"https:\/\/szspchelmek.pl\/#website\"},\"datePublished\":\"2018-09-21T09:39:30+00:00\",\"dateModified\":\"2025-09-30T07:29:02+00:00\",\"breadcrumb\":{\"@id\":\"https:\/\/szspchelmek.pl\/?page_id=105#breadcrumb\"},\"inLanguage\":\"pl-PL\",\"potentialAction\":[{\"@type\":\"ReadAction\",\"target\":[\"https:\/\/szspchelmek.pl\/?page_id=105\"]}]},{\"@type\":\"BreadcrumbList\",\"@id\":\"https:\/\/szspchelmek.pl\/?page_id=105#breadcrumb\",\"itemListElement\":[{\"@type\":\"ListItem\",\"position\":1,\"name\":\"Strona g\u0142\u00f3wna\",\"item\":\"https:\/\/szspchelmek.pl\/\"},{\"@type\":\"ListItem\",\"position\":2,\"name\":\"Strefa Rodzica\",\"item\":\"https:\/\/szspchelmek.pl\/?page_id=95\"},{\"@type\":\"ListItem\",\"position\":3,\"name\":\"Pedagog\"}]},{\"@type\":\"WebSite\",\"@id\":\"https:\/\/szspchelmek.pl\/#website\",\"url\":\"https:\/\/szspchelmek.pl\/\",\"name\":\"SZS-P nr 2 w Che\u0142mku\",\"description\":\"Samorz\u0105dowy Zesp\u00f3\u0142 Szkolno-Przedszkolny nr 2 w Che\u0142mku\",\"publisher\":{\"@id\":\"https:\/\/szspchelmek.pl\/#organization\"},\"potentialAction\":[{\"@type\":\"SearchAction\",\"target\":{\"@type\":\"EntryPoint\",\"urlTemplate\":\"https:\/\/szspchelmek.pl\/?s={search_term_string}\"},\"query-input\":{\"@type\":\"PropertyValueSpecification\",\"valueRequired\":true,\"valueName\":\"search_term_string\"}}],\"inLanguage\":\"pl-PL\"},{\"@type\":\"Organization\",\"@id\":\"https:\/\/szspchelmek.pl\/#organization\",\"name\":\"Samorz\u0105dowy Zesp\u00f3\u0142 Szkolno-Przedszkolny nr 2\",\"url\":\"https:\/\/szspchelmek.pl\/\",\"logo\":{\"@type\":\"ImageObject\",\"inLanguage\":\"pl-PL\",\"@id\":\"https:\/\/szspchelmek.pl\/#\/schema\/logo\/image\/\",\"url\":\"https:\/\/szspchelmek.pl\/wp-content\/uploads\/2018\/09\/logo.png\",\"contentUrl\":\"https:\/\/szspchelmek.pl\/wp-content\/uploads\/2018\/09\/logo.png\",\"width\":500,\"height\":93,\"caption\":\"Samorz\u0105dowy Zesp\u00f3\u0142 Szkolno-Przedszkolny nr 2\"},\"image\":{\"@id\":\"https:\/\/szspchelmek.pl\/#\/schema\/logo\/image\/\"}}]}<\/script>\n<!-- \/ Yoast SEO plugin. -->","yoast_head_json":{"title":"Pedagog - SZS-P nr 2 w Che\u0142mku","robots":{"index":"index","follow":"follow","max-snippet":"max-snippet:-1","max-image-preview":"max-image-preview:large","max-video-preview":"max-video-preview:-1"},"canonical":"https:\/\/szspchelmek.pl\/?page_id=105","og_locale":"pl_PL","og_type":"article","og_title":"Pedagog - SZS-P nr 2 w Che\u0142mku","og_description":"Pedagog szkolny mgr Katarzyna Linchard Poniedzia\u0142ek: 13.30 &#8211; 15.30 Wtorek: 8.00 &#8211; 14.30 \u015aroda: 8.00 &#8211; 15.00 Czwartek: 14.25 &#8211; 15.30\u00a0Pi\u0105tek: 8.00 &#8211; 15.30 LIST MINISTER EDUKACJI NA TYDZIE\u0143 PRZECIWDZIA\u0141ANIA PRZEMOCY R\u00d3WIE\u015aNICZEJ Od 1 listopada uruchomiony zosta\u0142 telefon zaufania Rzecznika Praw Dziecka o numerze 800121212, kt\u00f3ry zast\u0105pi\u0142 og\u00f3lnopolsk\u0105 infolini\u0119 dla dzieci i m\u0142odzie\u017cy POMAGAMY. Pod czytaj \u00bb","og_url":"https:\/\/szspchelmek.pl\/?page_id=105","og_site_name":"SZS-P nr 2 w Che\u0142mku","article_modified_time":"2025-09-30T07:29:02+00:00","twitter_card":"summary_large_image","twitter_misc":{"Szacowany czas czytania":"3 minuty"},"schema":{"@context":"https:\/\/schema.org","@graph":[{"@type":"WebPage","@id":"https:\/\/szspchelmek.pl\/?page_id=105","url":"https:\/\/szspchelmek.pl\/?page_id=105","name":"Pedagog - SZS-P nr 2 w Che\u0142mku","isPartOf":{"@id":"https:\/\/szspchelmek.pl\/#website"},"datePublished":"2018-09-21T09:39:30+00:00","dateModified":"2025-09-30T07:29:02+00:00","breadcrumb":{"@id":"https:\/\/szspchelmek.pl\/?page_id=105#breadcrumb"},"inLanguage":"pl-PL","potentialAction":[{"@type":"ReadAction","target":["https:\/\/szspchelmek.pl\/?page_id=105"]}]},{"@type":"BreadcrumbList","@id":"https:\/\/szspchelmek.pl\/?page_id=105#breadcrumb","itemListElement":[{"@type":"ListItem","position":1,"name":"Strona g\u0142\u00f3wna","item":"https:\/\/szspchelmek.pl\/"},{"@type":"ListItem","position":2,"name":"Strefa Rodzica","item":"https:\/\/szspchelmek.pl\/?page_id=95"},{"@type":"ListItem","position":3,"name":"Pedagog"}]},{"@type":"WebSite","@id":"https:\/\/szspchelmek.pl\/#website","url":"https:\/\/szspchelmek.pl\/","name":"SZS-P nr 2 w Che\u0142mku","description":"Samorz\u0105dowy Zesp\u00f3\u0142 Szkolno-Przedszkolny nr 2 w Che\u0142mku","publisher":{"@id":"https:\/\/szspchelmek.pl\/#organization"},"potentialAction":[{"@type":"SearchAction","target":{"@type":"EntryPoint","urlTemplate":"https:\/\/szspchelmek.pl\/?s={search_term_string}"},"query-input":{"@type":"PropertyValueSpecification","valueRequired":true,"valueName":"search_term_string"}}],"inLanguage":"pl-PL"},{"@type":"Organization","@id":"https:\/\/szspchelmek.pl\/#organization","name":"Samorz\u0105dowy Zesp\u00f3\u0142 Szkolno-Przedszkolny nr 2","url":"https:\/\/szspchelmek.pl\/","logo":{"@type":"ImageObject","inLanguage":"pl-PL","@id":"https:\/\/szspchelmek.pl\/#\/schema\/logo\/image\/","url":"https:\/\/szspchelmek.pl\/wp-content\/uploads\/2018\/09\/logo.png","contentUrl":"https:\/\/szspchelmek.pl\/wp-content\/uploads\/2018\/09\/logo.png","width":500,"height":93,"caption":"Samorz\u0105dowy Zesp\u00f3\u0142 Szkolno-Przedszkolny nr 2"},"image":{"@id":"https:\/\/szspchelmek.pl\/#\/schema\/logo\/image\/"}}]}},"_links":{"self":[{"href":"https:\/\/szspchelmek.pl\/index.php?rest_route=\/wp\/v2\/pages\/105","targetHints":{"allow":["GET"]}}],"collection":[{"href":"https:\/\/szspchelmek.pl\/index.php?rest_route=\/wp\/v2\/pages"}],"about":[{"href":"https:\/\/szspchelmek.pl\/index.php?rest_route=\/wp\/v2\/types\/page"}],"author":[{"embeddable":true,"href":"https:\/\/szspchelmek.pl\/index.php?rest_route=\/wp\/v2\/users\/1"}],"replies":[{"embeddable":true,"href":"https:\/\/szspchelmek.pl\/index.php?rest_route=%2Fwp%2Fv2%2Fcomments&post=105"}],"version-history":[{"count":45,"href":"https:\/\/szspchelmek.pl\/index.php?rest_route=\/wp\/v2\/pages\/105\/revisions"}],"predecessor-version":[{"id":27171,"href":"https:\/\/szspchelmek.pl\/index.php?rest_route=\/wp\/v2\/pages\/105\/revisions\/27171"}],"up":[{"embeddable":true,"href":"https:\/\/szspchelmek.pl\/index.php?rest_route=\/wp\/v2\/pages\/95"}],"wp:attachment":[{"href":"https:\/\/szspchelmek.pl\/index.php?rest_route=%2Fwp%2Fv2%2Fmedia&parent=105"}],"curies":[{"name":"wp","href":"https:\/\/api.w.org\/{rel}","templated":true}]}}